{"id":629,"date":"2021-01-02T16:30:38","date_gmt":"2021-01-02T16:30:38","guid":{"rendered":"https:\/\/apadrinalaciencia.org\/?page_id=629"},"modified":"2024-03-25T11:05:46","modified_gmt":"2024-03-25T10:05:46","slug":"ford-college-community-challenge","status":"publish","type":"page","link":"https:\/\/apadrinalaciencia.org\/en\/investigacion\/ford-college-community-challenge","title":{"rendered":"Ford College Community Challenge"},"content":{"rendered":"<div class=\"wpb-content-wrapper\"><div class=\"vc_row wpb_row vc_row-fluid\"><div class=\"wpb_column vc_column_container vc_col-sm-12\"><div class=\"vc_column-inner\"><div class=\"wpb_wrapper\"><h5 style=\"color: #ecbe49;text-align: left;font-family:Quicksand;font-weight:700;font-style:normal\" class=\"vc_custom_heading vc_do_custom_heading\" >RESEARCH<\/h5><h2 style=\"text-align: left;font-family:Raleway;font-weight:900;font-style:normal\" class=\"vc_custom_heading vc_do_custom_heading\" >Ford College Community Challenge | Apadrina la Ciencia<\/h2>\n\t<div  class=\"wpb_single_image wpb_content_element vc_align_left wpb_content_element\">\n\t\t\n\t\t<figure class=\"wpb_wrapper vc_figure\">\n\t\t\t<a href=\"https:\/\/www.fordc3c.com\/spain\" target=\"_blank\" class=\"vc_single_image-wrapper   vc_box_border_grey\"><img loading=\"lazy\" decoding=\"async\" width=\"2852\" height=\"1176\" src=\"https:\/\/apadrinalaciencia.org\/wp-content\/uploads\/2021\/01\/Captura-de-pantalla-2021-01-02-a-las-17.23.59.png\" class=\"vc_single_image-img attachment-full\" alt=\"\" title=\"Ford 3C\" srcset=\"https:\/\/apadrinalaciencia.org\/wp-content\/uploads\/2021\/01\/Captura-de-pantalla-2021-01-02-a-las-17.23.59.png 2852w, https:\/\/apadrinalaciencia.org\/wp-content\/uploads\/2021\/01\/Captura-de-pantalla-2021-01-02-a-las-17.23.59-300x124.png 300w, https:\/\/apadrinalaciencia.org\/wp-content\/uploads\/2021\/01\/Captura-de-pantalla-2021-01-02-a-las-17.23.59-768x317.png 768w, https:\/\/apadrinalaciencia.org\/wp-content\/uploads\/2021\/01\/Captura-de-pantalla-2021-01-02-a-las-17.23.59-1024x422.png 1024w, https:\/\/apadrinalaciencia.org\/wp-content\/uploads\/2021\/01\/Captura-de-pantalla-2021-01-02-a-las-17.23.59-260x107.png 260w, https:\/\/apadrinalaciencia.org\/wp-content\/uploads\/2021\/01\/Captura-de-pantalla-2021-01-02-a-las-17.23.59-50x21.png 50w, https:\/\/apadrinalaciencia.org\/wp-content\/uploads\/2021\/01\/Captura-de-pantalla-2021-01-02-a-las-17.23.59-150x62.png 150w\" sizes=\"auto, (max-width:767px) 480px, (max-width:2852px) 100vw, 2852px\" \/><\/a>\n\t\t<\/figure>\n\t<\/div>\n\n\t<div class=\"wpb_text_column wpb_content_element\" >\n\t\t<div class=\"wpb_wrapper\">\n\t\t\t<div class=\"wpb_text_column wpb_content_element\">\n<div class=\"wpb_wrapper\">\n<div class=\"container\">\n<p>\u00abFord College Community Challenge\u00bb est\u00e1 dise\u00f1ado para animar a equipos de estudiantes a desarrollar proyectos de construcci\u00f3n comunitaria creativos que respondan a las necesidades locales, en torno al tema\u00a0<strong class=\"blue-hightlight\">\u00abMejorando Vidas.\u00bb<\/strong><\/p>\n<p>Las propuestas deber\u00e1n considerar, de manera \u00fanica, una necesidad comunitaria identificada, vinculada a una o m\u00e1s de tres categor\u00edas generales:<\/p>\n<ul>\n<li>Impulsar la Movilidad Social<\/li>\n<li>Cambiar la forma en las que las personas se mueven a trav\u00e9s de Movilidad Inteligente<\/li>\n<li>Construir Comunidades Sostenibles<\/li>\n<\/ul>\n<\/div>\n<\/div>\n<\/div>\n<div class=\"wpb_text_column wpb_content_element\">\n<div class=\"wpb_wrapper\"><\/div>\n<\/div>\n<div class=\"container\">\n<div class=\"container\">\n<p>Se seleccionar\u00e1n hasta 3 propuestas ganadoras que obtendr\u00e1n una subvenci\u00f3n de\u00a0<strong class=\"blue-hightlight\">\u20ac 5.000<\/strong>\u00a0cada una, para apoyar la implementaci\u00f3n de los proyectos propuestos.<\/p>\n<p>Los participantes deber\u00e1n pensar de manera creativa y explorar una variedad amplia de temas potenciales que incluyan (pero no de manera exclusiva) necesidades de infraestructura y empleo, desarrollo econ\u00f3mico y comunitario, hambre y otras necesidades b\u00e1sicas, cuestiones de educaci\u00f3n y dise\u00f1o, nuevos enfoques al voluntariado estudiantil etc.<\/p>\n<\/div>\n<div class=\"contest-banner\">\n<div class=\"row\">\n<div class=\"col-sm-8 col-md-6 text-uppercase description text-center\">\n<div class=\"text-left\" style=\"text-align: center;\"><strong>HASTA 3PROPUESTAS GANADORAS\u00a0<\/strong>SER\u00c1N SELECCIONADAS PARA RECIBIR\u00a0<strong class=\"larger\">\u20ac5.000 CADA UNA POR PARTE DE APADRINA LA CIENCIA\u00a0<\/strong><span class=\"thin\">PARA LA IMPLEMENTACI\u00d3N DE LOS PROYECTOS PROPUESTOS<\/span><\/div>\n<\/div>\n<\/div>\n<\/div>\n<\/div>\n\n\t\t<\/div>\n\t<\/div>\n\n<div class=\"vc_grid-container-wrapper vc_clearfix vc_grid-animation-zoomIn\">\n\t<div class=\"vc_grid-container vc_clearfix wpb_content_element vc_masonry_grid\" data-initial-loading-animation=\"zoomIn\" data-vc-grid-settings=\"{&quot;page_id&quot;:629,&quot;style&quot;:&quot;all-masonry&quot;,&quot;action&quot;:&quot;vc_get_vc_grid_data&quot;,&quot;shortcode_id&quot;:&quot;1711361124901-4a610383-81ed-6&quot;,&quot;tag&quot;:&quot;vc_masonry_grid&quot;}\" data-vc-request=\"https:\/\/apadrinalaciencia.org\/wp-admin\/admin-ajax.php\" data-vc-post-id=\"629\" data-vc-public-nonce=\"489d043d29\">\n\t\t\n\t<\/div>\n<\/div><\/div><\/div><\/div><\/div>\n<\/div>","protected":false},"excerpt":{"rendered":"INVESTIGACI\u00d3NFord College Community Challenge | Apadrina la Ciencia \u00abFord College Community Challenge\u00bb est\u00e1 dise\u00f1ado para animar a equipos de estudiantes a desarrollar proyectos de construcci\u00f3n comunitaria<span class=\"excerpt-hellip\"> [\u2026]<\/span>","protected":false},"author":1,"featured_media":0,"parent":334,"menu_order":2,"comment_status":"closed","ping_status":"closed","template":"","meta":{"footnotes":""},"class_list":["post-629","page","type-page","status-publish","hentry"],"yoast_head":"<!-- This site is optimized with the Yoast SEO plugin v24.9 - https:\/\/yoast.com\/wordpress\/plugins\/seo\/ -->\n<title>Ford College Community Challenge - Apadrina la Ciencia - Ayudando a la investigaci\u00f3n<\/title>\n<meta name=\"description\" content=\"Queremos ser una plataforma de encuentro, discusi\u00f3n y colaboraci\u00f3n entre los cient\u00edficos y el resto de la sociedad para contribuir a la investigaci\u00f3n.\" \/>\n<meta name=\"robots\" content=\"index, follow, max-snippet:-1, max-image-preview:large, max-video-preview:-1\" \/>\n<link rel=\"canonical\" href=\"https:\/\/apadrinalaciencia.org:80\/en\/investigacion\/ford-college-community-challenge\/\" \/>\n<meta property=\"og:locale\" content=\"en_GB\" \/>\n<meta property=\"og:type\" content=\"article\" \/>\n<meta property=\"og:title\" content=\"Ford College Community Challenge - Apadrina la Ciencia - Ayudando a la investigaci\u00f3n\" \/>\n<meta property=\"og:description\" content=\"Queremos ser una plataforma de encuentro, discusi\u00f3n y colaboraci\u00f3n entre los cient\u00edficos y el resto de la sociedad para contribuir a la investigaci\u00f3n.\" \/>\n<meta property=\"og:url\" content=\"https:\/\/apadrinalaciencia.org:80\/en\/investigacion\/ford-college-community-challenge\/\" \/>\n<meta property=\"og:site_name\" content=\"Apadrina la Ciencia\" \/>\n<meta property=\"article:modified_time\" content=\"2024-03-25T10:05:46+00:00\" \/>\n<meta name=\"twitter:card\" content=\"summary_large_image\" \/>\n<meta name=\"twitter:label1\" content=\"Estimated reading time\" \/>\n\t<meta name=\"twitter:data1\" content=\"1 minute\" \/>\n<script type=\"application\/ld+json\" class=\"yoast-schema-graph\">{\"@context\":\"https:\/\/schema.org\",\"@graph\":[{\"@type\":\"WebPage\",\"@id\":\"https:\/\/apadrinalaciencia.org:80\/investigacion\/ford-college-community-challenge\",\"url\":\"https:\/\/apadrinalaciencia.org:80\/investigacion\/ford-college-community-challenge\",\"name\":\"Ford College Community Challenge - Apadrina la Ciencia - Ayudando a la investigaci\u00f3n\",\"isPartOf\":{\"@id\":\"https:\/\/apadrinalaciencia.org\/#website\"},\"datePublished\":\"2021-01-02T16:30:38+00:00\",\"dateModified\":\"2024-03-25T10:05:46+00:00\",\"description\":\"Queremos ser una plataforma de encuentro, discusi\u00f3n y colaboraci\u00f3n entre los cient\u00edficos y el resto de la sociedad para contribuir a la investigaci\u00f3n.\",\"breadcrumb\":{\"@id\":\"https:\/\/apadrinalaciencia.org:80\/investigacion\/ford-college-community-challenge#breadcrumb\"},\"inLanguage\":\"en-GB\",\"potentialAction\":[{\"@type\":\"ReadAction\",\"target\":[\"https:\/\/apadrinalaciencia.org:80\/investigacion\/ford-college-community-challenge\"]}]},{\"@type\":\"BreadcrumbList\",\"@id\":\"https:\/\/apadrinalaciencia.org:80\/investigacion\/ford-college-community-challenge#breadcrumb\",\"itemListElement\":[{\"@type\":\"ListItem\",\"position\":1,\"name\":\"Home\",\"item\":\"https:\/\/apadrinalaciencia.org\/\"},{\"@type\":\"ListItem\",\"position\":2,\"name\":\"Investigaci\u00f3n\",\"item\":\"https:\/\/apadrinalaciencia.org\/investigacion\"},{\"@type\":\"ListItem\",\"position\":3,\"name\":\"Ford College Community Challenge\"}]},{\"@type\":\"WebSite\",\"@id\":\"https:\/\/apadrinalaciencia.org\/#website\",\"url\":\"https:\/\/apadrinalaciencia.org\/\",\"name\":\"Apadrina la Ciencia\",\"description\":\"Ayudando a la investigaci\u00f3n construimos el futuro\",\"publisher\":{\"@id\":\"https:\/\/apadrinalaciencia.org\/#organization\"},\"potentialAction\":[{\"@type\":\"SearchAction\",\"target\":{\"@type\":\"EntryPoint\",\"urlTemplate\":\"https:\/\/apadrinalaciencia.org\/?s={search_term_string}\"},\"query-input\":{\"@type\":\"PropertyValueSpecification\",\"valueRequired\":true,\"valueName\":\"search_term_string\"}}],\"inLanguage\":\"en-GB\"},{\"@type\":\"Organization\",\"@id\":\"https:\/\/apadrinalaciencia.org\/#organization\",\"name\":\"Apadrina la Ciencia\",\"url\":\"https:\/\/apadrinalaciencia.org\/\",\"logo\":{\"@type\":\"ImageObject\",\"inLanguage\":\"en-GB\",\"@id\":\"https:\/\/apadrinalaciencia.org\/#\/schema\/logo\/image\/\",\"url\":\"https:\/\/apadrinalaciencia.org\/wp-content\/uploads\/2019\/10\/cropped-logo-apadrina-la-ciencia.png\",\"contentUrl\":\"https:\/\/apadrinalaciencia.org\/wp-content\/uploads\/2019\/10\/cropped-logo-apadrina-la-ciencia.png\",\"width\":374,\"height\":212,\"caption\":\"Apadrina la Ciencia\"},\"image\":{\"@id\":\"https:\/\/apadrinalaciencia.org\/#\/schema\/logo\/image\/\"}}]}<\/script>\n<!-- \/ Yoast SEO plugin. -->","yoast_head_json":{"title":"Ford College Community Challenge - Apadrina la Ciencia - Ayudando a la investigaci\u00f3n","description":"Queremos ser una plataforma de encuentro, discusi\u00f3n y colaboraci\u00f3n entre los cient\u00edficos y el resto de la sociedad para contribuir a la investigaci\u00f3n.","robots":{"index":"index","follow":"follow","max-snippet":"max-snippet:-1","max-image-preview":"max-image-preview:large","max-video-preview":"max-video-preview:-1"},"canonical":"https:\/\/apadrinalaciencia.org:80\/en\/investigacion\/ford-college-community-challenge\/","og_locale":"en_GB","og_type":"article","og_title":"Ford College Community Challenge - Apadrina la Ciencia - Ayudando a la investigaci\u00f3n","og_description":"Queremos ser una plataforma de encuentro, discusi\u00f3n y colaboraci\u00f3n entre los cient\u00edficos y el resto de la sociedad para contribuir a la investigaci\u00f3n.","og_url":"https:\/\/apadrinalaciencia.org:80\/en\/investigacion\/ford-college-community-challenge\/","og_site_name":"Apadrina la Ciencia","article_modified_time":"2024-03-25T10:05:46+00:00","twitter_card":"summary_large_image","twitter_misc":{"Estimated reading time":"1 minute"},"schema":{"@context":"https:\/\/schema.org","@graph":[{"@type":"WebPage","@id":"https:\/\/apadrinalaciencia.org:80\/investigacion\/ford-college-community-challenge","url":"https:\/\/apadrinalaciencia.org:80\/investigacion\/ford-college-community-challenge","name":"Ford College Community Challenge - Apadrina la Ciencia - Ayudando a la investigaci\u00f3n","isPartOf":{"@id":"https:\/\/apadrinalaciencia.org\/#website"},"datePublished":"2021-01-02T16:30:38+00:00","dateModified":"2024-03-25T10:05:46+00:00","description":"Queremos ser una plataforma de encuentro, discusi\u00f3n y colaboraci\u00f3n entre los cient\u00edficos y el resto de la sociedad para contribuir a la investigaci\u00f3n.","breadcrumb":{"@id":"https:\/\/apadrinalaciencia.org:80\/investigacion\/ford-college-community-challenge#breadcrumb"},"inLanguage":"en-GB","potentialAction":[{"@type":"ReadAction","target":["https:\/\/apadrinalaciencia.org:80\/investigacion\/ford-college-community-challenge"]}]},{"@type":"BreadcrumbList","@id":"https:\/\/apadrinalaciencia.org:80\/investigacion\/ford-college-community-challenge#breadcrumb","itemListElement":[{"@type":"ListItem","position":1,"name":"Home","item":"https:\/\/apadrinalaciencia.org\/"},{"@type":"ListItem","position":2,"name":"Investigaci\u00f3n","item":"https:\/\/apadrinalaciencia.org\/investigacion"},{"@type":"ListItem","position":3,"name":"Ford College Community Challenge"}]},{"@type":"WebSite","@id":"https:\/\/apadrinalaciencia.org\/#website","url":"https:\/\/apadrinalaciencia.org\/","name":"Apadrina la Ciencia","description":"Ayudando a la investigaci\u00f3n construimos el futuro","publisher":{"@id":"https:\/\/apadrinalaciencia.org\/#organization"},"potentialAction":[{"@type":"SearchAction","target":{"@type":"EntryPoint","urlTemplate":"https:\/\/apadrinalaciencia.org\/?s={search_term_string}"},"query-input":{"@type":"PropertyValueSpecification","valueRequired":true,"valueName":"search_term_string"}}],"inLanguage":"en-GB"},{"@type":"Organization","@id":"https:\/\/apadrinalaciencia.org\/#organization","name":"Apadrina la Ciencia","url":"https:\/\/apadrinalaciencia.org\/","logo":{"@type":"ImageObject","inLanguage":"en-GB","@id":"https:\/\/apadrinalaciencia.org\/#\/schema\/logo\/image\/","url":"https:\/\/apadrinalaciencia.org\/wp-content\/uploads\/2019\/10\/cropped-logo-apadrina-la-ciencia.png","contentUrl":"https:\/\/apadrinalaciencia.org\/wp-content\/uploads\/2019\/10\/cropped-logo-apadrina-la-ciencia.png","width":374,"height":212,"caption":"Apadrina la Ciencia"},"image":{"@id":"https:\/\/apadrinalaciencia.org\/#\/schema\/logo\/image\/"}}]}},"_links":{"self":[{"href":"https:\/\/apadrinalaciencia.org\/en\/wp-json\/wp\/v2\/pages\/629","targetHints":{"allow":["GET"]}}],"collection":[{"href":"https:\/\/apadrinalaciencia.org\/en\/wp-json\/wp\/v2\/pages"}],"about":[{"href":"https:\/\/apadrinalaciencia.org\/en\/wp-json\/wp\/v2\/types\/page"}],"author":[{"embeddable":true,"href":"https:\/\/apadrinalaciencia.org\/en\/wp-json\/wp\/v2\/users\/1"}],"replies":[{"embeddable":true,"href":"https:\/\/apadrinalaciencia.org\/en\/wp-json\/wp\/v2\/comments?post=629"}],"version-history":[{"count":18,"href":"https:\/\/apadrinalaciencia.org\/en\/wp-json\/wp\/v2\/pages\/629\/revisions"}],"predecessor-version":[{"id":684,"href":"https:\/\/apadrinalaciencia.org\/en\/wp-json\/wp\/v2\/pages\/629\/revisions\/684"}],"up":[{"embeddable":true,"href":"https:\/\/apadrinalaciencia.org\/en\/wp-json\/wp\/v2\/pages\/334"}],"wp:attachment":[{"href":"https:\/\/apadrinalaciencia.org\/en\/wp-json\/wp\/v2\/media?parent=629"}],"curies":[{"name":"wp","href":"https:\/\/api.w.org\/{rel}","templated":true}]}}