{"id":587,"date":"2021-01-02T13:54:00","date_gmt":"2021-01-02T13:54:00","guid":{"rendered":"https:\/\/apadrinalaciencia.org\/?page_id=587"},"modified":"2024-02-04T19:46:22","modified_gmt":"2024-02-04T18:46:22","slug":"contratos-para-jovenes","status":"publish","type":"page","link":"https:\/\/apadrinalaciencia.org\/en\/investigacion\/contratos-para-jovenes","title":{"rendered":"Youth contracts"},"content":{"rendered":"<div class=\"wpb-content-wrapper\"><div class=\"vc_row wpb_row vc_row-fluid\"><div class=\"wpb_column vc_column_container vc_col-sm-12\"><div class=\"vc_column-inner\"><div class=\"wpb_wrapper\"><div class=\"vc_empty_space\"   style=\"height: 100px\"><span class=\"vc_empty_space_inner\"><\/span><\/div><\/div><\/div><\/div><\/div><div data-vc-full-width=\"true\" data-vc-full-width-init=\"false\" class=\"vc_row wpb_row vc_row-fluid\"><div class=\"wpb_column vc_column_container vc_col-sm-12\"><div class=\"vc_column-inner\"><div class=\"wpb_wrapper\"><div class=\"vc_row wpb_row vc_inner vc_row-fluid\"><div class=\"wpb_column vc_column_container vc_col-sm-12\"><div class=\"vc_column-inner\"><div class=\"wpb_wrapper\"><h5 style=\"color: #ecbe49;text-align: left;font-family:Quicksand;font-weight:400;font-style:normal\" class=\"vc_custom_heading vc_do_custom_heading\" >RESEARCH<\/h5><h2 style=\"text-align: left;font-family:Raleway;font-weight:900;font-style:normal\" class=\"vc_custom_heading vc_do_custom_heading\" >Contratos para j\u00f3venes investigadores<\/h2><\/div><\/div><\/div><\/div><div class=\"vc_row wpb_row vc_inner vc_row-fluid\"><div class=\"wpb_column vc_column_container vc_col-sm-12\"><div class=\"vc_column-inner\"><div class=\"wpb_wrapper\">\n\t<div  class=\"wpb_single_image wpb_content_element vc_align_center wpb_content_element\">\n\t\t\n\t\t<figure class=\"wpb_wrapper vc_figure\">\n\t\t\t<div class=\"vc_single_image-wrapper   vc_box_border_grey\"><img decoding=\"async\" class=\"vc_single_image-img\" src=\"https:\/\/apadrinalaciencia.org\/wp-content\/uploads\/2021\/01\/ford-logo-600x92.jpg\" width=\"600\" height=\"92\" alt=\"FUND_ModUn_4C1S_Ht_WK\" title=\"FUND_ModUn_4C1S_Ht_WK\" loading=\"lazy\" \/><\/div>\n\t\t<\/figure>\n\t<\/div>\n\n\t<div class=\"wpb_text_column wpb_content_element\" >\n\t\t<div class=\"wpb_wrapper\">\n\t\t\t<h5 class=\"font_7\">Ford Espa\u00f1a, con el apoyo de Ford Motor Company Fund, y Apadrina la Ciencia defienden con esta convocatoria que la inversi\u00f3n en ciencia es inversi\u00f3n de futuro, fuente de conocimiento y riqueza para un pa\u00eds.<\/h5>\n<p class=\"font_8\">La finalidad de estos contratos es:<\/p>\n<ul>\n<li class=\"font_8\">Contribuir a la formaci\u00f3n, al desarrollo curricular y a la especializaci\u00f3n de investigadores. Esto permitir\u00e1 a los beneficiarios continuar su carrera cient\u00edfica y alcanzar el grado acad\u00e9mico superior de Doctor.<\/li>\n<li class=\"font_8\">Facilitar la inserci\u00f3n laboral de los beneficiarios y su permanencia en actividades de I+D+i en cualquier Organismo de Investigaci\u00f3n, Instituci\u00f3n o Universidad p\u00fablicos en Espa\u00f1a.<\/li>\n<\/ul>\n<p>&nbsp;<\/p>\n<p>Cada uno de los dos contratos est\u00e1 destinado a un investigador con experiencia que se encuentre en la \u00faltima etapa del doctorado (que no tenga el t\u00edtulo de doctor al finalizar el plazo de la solicitud). El objetivo de los contratos es completar el trabajo de investigaci\u00f3n en marcha en el grupo en el que est\u00e1 realizando la tesis doctoral en cualquier Organismo de Investigaci\u00f3n, Instituci\u00f3n o Universidad p\u00fablicos en Espa\u00f1a.<\/p>\n\n\t\t<\/div>\n\t<\/div>\n<\/div><\/div><\/div><\/div><div class=\"vc_separator wpb_content_element vc_separator_align_center vc_sep_width_50 vc_sep_pos_align_center vc_separator_no_text vc_sep_color_black wpb_content_element  wpb_content_element\" ><span class=\"vc_sep_holder vc_sep_holder_l\"><span class=\"vc_sep_line\"><\/span><\/span><span class=\"vc_sep_holder vc_sep_holder_r\"><span class=\"vc_sep_line\"><\/span><\/span>\n<\/div><\/div><\/div><\/div><\/div><div class=\"vc_row-full-width vc_clearfix\"><\/div><div class=\"vc_row wpb_row vc_row-fluid\"><div class=\"wpb_column vc_column_container vc_col-sm-12\"><div class=\"vc_column-inner\"><div class=\"wpb_wrapper\"><div class=\"vc_empty_space\"   style=\"height: 12px\"><span class=\"vc_empty_space_inner\"><\/span><\/div>\n<div class=\"vc_grid-container-wrapper vc_clearfix vc_grid-animation-zoomIn\">\n\t<div class=\"vc_grid-container vc_clearfix wpb_content_element vc_masonry_grid\" data-initial-loading-animation=\"zoomIn\" data-vc-grid-settings=\"{&quot;page_id&quot;:587,&quot;style&quot;:&quot;all-masonry&quot;,&quot;action&quot;:&quot;vc_get_vc_grid_data&quot;,&quot;shortcode_id&quot;:&quot;1707072294810-1cddfe71-de71-10&quot;,&quot;tag&quot;:&quot;vc_masonry_grid&quot;}\" data-vc-request=\"https:\/\/apadrinalaciencia.org\/wp-admin\/admin-ajax.php\" data-vc-post-id=\"587\" data-vc-public-nonce=\"489d043d29\">\n\t\t\n\t<\/div>\n<\/div><\/div><\/div><\/div><\/div>\n<\/div>","protected":false},"excerpt":{"rendered":"INVESTIGACI\u00d3NContratos para j\u00f3venes investigadores Ford Espa\u00f1a, con el apoyo de Ford Motor Company Fund, y Apadrina la Ciencia defienden con esta convocatoria que la inversi\u00f3n en<span class=\"excerpt-hellip\"> [\u2026]<\/span>","protected":false},"author":1,"featured_media":0,"parent":334,"menu_order":1,"comment_status":"closed","ping_status":"closed","template":"","meta":{"footnotes":""},"class_list":["post-587","page","type-page","status-publish","hentry"],"yoast_head":"<!-- This site is optimized with the Yoast SEO plugin v24.9 - https:\/\/yoast.com\/wordpress\/plugins\/seo\/ -->\n<title>Contratos para j\u00f3venes - Apadrina la Ciencia - Ayudando a la investigaci\u00f3n<\/title>\n<meta name=\"description\" content=\"Queremos ser una plataforma de encuentro, discusi\u00f3n y colaboraci\u00f3n entre los cient\u00edficos y el resto de la sociedad para contribuir a la investigaci\u00f3n.\" \/>\n<meta name=\"robots\" content=\"index, follow, max-snippet:-1, max-image-preview:large, max-video-preview:-1\" \/>\n<link rel=\"canonical\" href=\"https:\/\/apadrinalaciencia.org:80\/en\/investigacion\/contratos-para-jovenes\/\" \/>\n<meta property=\"og:locale\" content=\"en_GB\" \/>\n<meta property=\"og:type\" content=\"article\" \/>\n<meta property=\"og:title\" content=\"Contratos para j\u00f3venes - Apadrina la Ciencia - Ayudando a la investigaci\u00f3n\" \/>\n<meta property=\"og:description\" content=\"Queremos ser una plataforma de encuentro, discusi\u00f3n y colaboraci\u00f3n entre los cient\u00edficos y el resto de la sociedad para contribuir a la investigaci\u00f3n.\" \/>\n<meta property=\"og:url\" content=\"https:\/\/apadrinalaciencia.org:80\/en\/investigacion\/contratos-para-jovenes\/\" \/>\n<meta property=\"og:site_name\" content=\"Apadrina la Ciencia\" \/>\n<meta property=\"article:modified_time\" content=\"2024-02-04T18:46:22+00:00\" \/>\n<meta name=\"twitter:card\" content=\"summary_large_image\" \/>\n<meta name=\"twitter:label1\" content=\"Estimated reading time\" \/>\n\t<meta name=\"twitter:data1\" content=\"1 minute\" \/>\n<script type=\"application\/ld+json\" class=\"yoast-schema-graph\">{\"@context\":\"https:\/\/schema.org\",\"@graph\":[{\"@type\":\"WebPage\",\"@id\":\"https:\/\/apadrinalaciencia.org:80\/investigacion\/contratos-para-jovenes\",\"url\":\"https:\/\/apadrinalaciencia.org:80\/investigacion\/contratos-para-jovenes\",\"name\":\"Contratos para j\u00f3venes - Apadrina la Ciencia - Ayudando a la investigaci\u00f3n\",\"isPartOf\":{\"@id\":\"https:\/\/apadrinalaciencia.org\/#website\"},\"datePublished\":\"2021-01-02T13:54:00+00:00\",\"dateModified\":\"2024-02-04T18:46:22+00:00\",\"description\":\"Queremos ser una plataforma de encuentro, discusi\u00f3n y colaboraci\u00f3n entre los cient\u00edficos y el resto de la sociedad para contribuir a la investigaci\u00f3n.\",\"breadcrumb\":{\"@id\":\"https:\/\/apadrinalaciencia.org:80\/investigacion\/contratos-para-jovenes#breadcrumb\"},\"inLanguage\":\"en-GB\",\"potentialAction\":[{\"@type\":\"ReadAction\",\"target\":[\"https:\/\/apadrinalaciencia.org:80\/investigacion\/contratos-para-jovenes\"]}]},{\"@type\":\"BreadcrumbList\",\"@id\":\"https:\/\/apadrinalaciencia.org:80\/investigacion\/contratos-para-jovenes#breadcrumb\",\"itemListElement\":[{\"@type\":\"ListItem\",\"position\":1,\"name\":\"Home\",\"item\":\"https:\/\/apadrinalaciencia.org\/\"},{\"@type\":\"ListItem\",\"position\":2,\"name\":\"Investigaci\u00f3n\",\"item\":\"https:\/\/apadrinalaciencia.org\/investigacion\"},{\"@type\":\"ListItem\",\"position\":3,\"name\":\"Contratos para j\u00f3venes\"}]},{\"@type\":\"WebSite\",\"@id\":\"https:\/\/apadrinalaciencia.org\/#website\",\"url\":\"https:\/\/apadrinalaciencia.org\/\",\"name\":\"Apadrina la Ciencia\",\"description\":\"Ayudando a la investigaci\u00f3n construimos el futuro\",\"publisher\":{\"@id\":\"https:\/\/apadrinalaciencia.org\/#organization\"},\"potentialAction\":[{\"@type\":\"SearchAction\",\"target\":{\"@type\":\"EntryPoint\",\"urlTemplate\":\"https:\/\/apadrinalaciencia.org\/?s={search_term_string}\"},\"query-input\":{\"@type\":\"PropertyValueSpecification\",\"valueRequired\":true,\"valueName\":\"search_term_string\"}}],\"inLanguage\":\"en-GB\"},{\"@type\":\"Organization\",\"@id\":\"https:\/\/apadrinalaciencia.org\/#organization\",\"name\":\"Apadrina la Ciencia\",\"url\":\"https:\/\/apadrinalaciencia.org\/\",\"logo\":{\"@type\":\"ImageObject\",\"inLanguage\":\"en-GB\",\"@id\":\"https:\/\/apadrinalaciencia.org\/#\/schema\/logo\/image\/\",\"url\":\"https:\/\/apadrinalaciencia.org\/wp-content\/uploads\/2019\/10\/cropped-logo-apadrina-la-ciencia.png\",\"contentUrl\":\"https:\/\/apadrinalaciencia.org\/wp-content\/uploads\/2019\/10\/cropped-logo-apadrina-la-ciencia.png\",\"width\":374,\"height\":212,\"caption\":\"Apadrina la Ciencia\"},\"image\":{\"@id\":\"https:\/\/apadrinalaciencia.org\/#\/schema\/logo\/image\/\"}}]}<\/script>\n<!-- \/ Yoast SEO plugin. -->","yoast_head_json":{"title":"Contratos para j\u00f3venes - Apadrina la Ciencia - Ayudando a la investigaci\u00f3n","description":"Queremos ser una plataforma de encuentro, discusi\u00f3n y colaboraci\u00f3n entre los cient\u00edficos y el resto de la sociedad para contribuir a la investigaci\u00f3n.","robots":{"index":"index","follow":"follow","max-snippet":"max-snippet:-1","max-image-preview":"max-image-preview:large","max-video-preview":"max-video-preview:-1"},"canonical":"https:\/\/apadrinalaciencia.org:80\/en\/investigacion\/contratos-para-jovenes\/","og_locale":"en_GB","og_type":"article","og_title":"Contratos para j\u00f3venes - Apadrina la Ciencia - Ayudando a la investigaci\u00f3n","og_description":"Queremos ser una plataforma de encuentro, discusi\u00f3n y colaboraci\u00f3n entre los cient\u00edficos y el resto de la sociedad para contribuir a la investigaci\u00f3n.","og_url":"https:\/\/apadrinalaciencia.org:80\/en\/investigacion\/contratos-para-jovenes\/","og_site_name":"Apadrina la Ciencia","article_modified_time":"2024-02-04T18:46:22+00:00","twitter_card":"summary_large_image","twitter_misc":{"Estimated reading time":"1 minute"},"schema":{"@context":"https:\/\/schema.org","@graph":[{"@type":"WebPage","@id":"https:\/\/apadrinalaciencia.org:80\/investigacion\/contratos-para-jovenes","url":"https:\/\/apadrinalaciencia.org:80\/investigacion\/contratos-para-jovenes","name":"Contratos para j\u00f3venes - Apadrina la Ciencia - Ayudando a la investigaci\u00f3n","isPartOf":{"@id":"https:\/\/apadrinalaciencia.org\/#website"},"datePublished":"2021-01-02T13:54:00+00:00","dateModified":"2024-02-04T18:46:22+00:00","description":"Queremos ser una plataforma de encuentro, discusi\u00f3n y colaboraci\u00f3n entre los cient\u00edficos y el resto de la sociedad para contribuir a la investigaci\u00f3n.","breadcrumb":{"@id":"https:\/\/apadrinalaciencia.org:80\/investigacion\/contratos-para-jovenes#breadcrumb"},"inLanguage":"en-GB","potentialAction":[{"@type":"ReadAction","target":["https:\/\/apadrinalaciencia.org:80\/investigacion\/contratos-para-jovenes"]}]},{"@type":"BreadcrumbList","@id":"https:\/\/apadrinalaciencia.org:80\/investigacion\/contratos-para-jovenes#breadcrumb","itemListElement":[{"@type":"ListItem","position":1,"name":"Home","item":"https:\/\/apadrinalaciencia.org\/"},{"@type":"ListItem","position":2,"name":"Investigaci\u00f3n","item":"https:\/\/apadrinalaciencia.org\/investigacion"},{"@type":"ListItem","position":3,"name":"Contratos para j\u00f3venes"}]},{"@type":"WebSite","@id":"https:\/\/apadrinalaciencia.org\/#website","url":"https:\/\/apadrinalaciencia.org\/","name":"Apadrina la Ciencia","description":"Ayudando a la investigaci\u00f3n construimos el futuro","publisher":{"@id":"https:\/\/apadrinalaciencia.org\/#organization"},"potentialAction":[{"@type":"SearchAction","target":{"@type":"EntryPoint","urlTemplate":"https:\/\/apadrinalaciencia.org\/?s={search_term_string}"},"query-input":{"@type":"PropertyValueSpecification","valueRequired":true,"valueName":"search_term_string"}}],"inLanguage":"en-GB"},{"@type":"Organization","@id":"https:\/\/apadrinalaciencia.org\/#organization","name":"Apadrina la Ciencia","url":"https:\/\/apadrinalaciencia.org\/","logo":{"@type":"ImageObject","inLanguage":"en-GB","@id":"https:\/\/apadrinalaciencia.org\/#\/schema\/logo\/image\/","url":"https:\/\/apadrinalaciencia.org\/wp-content\/uploads\/2019\/10\/cropped-logo-apadrina-la-ciencia.png","contentUrl":"https:\/\/apadrinalaciencia.org\/wp-content\/uploads\/2019\/10\/cropped-logo-apadrina-la-ciencia.png","width":374,"height":212,"caption":"Apadrina la Ciencia"},"image":{"@id":"https:\/\/apadrinalaciencia.org\/#\/schema\/logo\/image\/"}}]}},"_links":{"self":[{"href":"https:\/\/apadrinalaciencia.org\/en\/wp-json\/wp\/v2\/pages\/587","targetHints":{"allow":["GET"]}}],"collection":[{"href":"https:\/\/apadrinalaciencia.org\/en\/wp-json\/wp\/v2\/pages"}],"about":[{"href":"https:\/\/apadrinalaciencia.org\/en\/wp-json\/wp\/v2\/types\/page"}],"author":[{"embeddable":true,"href":"https:\/\/apadrinalaciencia.org\/en\/wp-json\/wp\/v2\/users\/1"}],"replies":[{"embeddable":true,"href":"https:\/\/apadrinalaciencia.org\/en\/wp-json\/wp\/v2\/comments?post=587"}],"version-history":[{"count":9,"href":"https:\/\/apadrinalaciencia.org\/en\/wp-json\/wp\/v2\/pages\/587\/revisions"}],"predecessor-version":[{"id":1223,"href":"https:\/\/apadrinalaciencia.org\/en\/wp-json\/wp\/v2\/pages\/587\/revisions\/1223"}],"up":[{"embeddable":true,"href":"https:\/\/apadrinalaciencia.org\/en\/wp-json\/wp\/v2\/pages\/334"}],"wp:attachment":[{"href":"https:\/\/apadrinalaciencia.org\/en\/wp-json\/wp\/v2\/media?parent=587"}],"curies":[{"name":"wp","href":"https:\/\/api.w.org\/{rel}","templated":true}]}}