{"id":382,"date":"2019-11-17T09:47:34","date_gmt":"2019-11-17T09:47:34","guid":{"rendered":"https:\/\/apadrinalaciencia.org\/?page_id=382"},"modified":"2020-12-30T15:36:10","modified_gmt":"2020-12-30T15:36:10","slug":"tips-servicios-profesionales","status":"publish","type":"page","link":"https:\/\/apadrinalaciencia.org\/en\/sobre-nosotros\/sobre-nosotros-2\/tips-servicios-profesionales","title":{"rendered":"TIPS Servicios Profesionales"},"content":{"rendered":"<div class=\"wpb-content-wrapper\"><div class=\"vc_row wpb_row vc_row-fluid\"><div class=\"wpb_column vc_column_container vc_col-sm-12\"><div class=\"vc_column-inner\"><div class=\"wpb_wrapper\"><div class=\"vc_empty_space\"   style=\"height: 100px\"><span class=\"vc_empty_space_inner\"><\/span><\/div><\/div><\/div><\/div><\/div><div class=\"vc_row wpb_row vc_row-fluid\"><div class=\"wpb_column vc_column_container vc_col-sm-12\"><div class=\"vc_column-inner\"><div class=\"wpb_wrapper\"><h2 style=\"text-align: center;font-family:Raleway;font-weight:900;font-style:normal\" class=\"vc_custom_heading vc_do_custom_heading\" >TIPS Servicios Profesionales<\/h2><div class=\"vc_separator wpb_content_element vc_separator_align_center vc_sep_width_40 vc_sep_pos_align_center vc_separator_no_text vc_sep_color_black wpb_content_element  wpb_content_element\" ><span class=\"vc_sep_holder vc_sep_holder_l\"><span class=\"vc_sep_line\"><\/span><\/span><span class=\"vc_sep_holder vc_sep_holder_r\"><span class=\"vc_sep_line\"><\/span><\/span>\n<\/div><h5 style=\"color: #ecbe49;text-align: center;font-family:Quicksand;font-weight:400;font-style:normal\" class=\"vc_custom_heading vc_do_custom_heading\" >TIPS Servicios Profesionales donar\u00e1 a Apadrina la Ciencia un porcentaje de los servicios que se contraten<\/h5><\/div><\/div><\/div><\/div><div class=\"vc_row wpb_row vc_row-fluid\"><div class=\"wpb_column vc_column_container vc_col-sm-12\"><div class=\"vc_column-inner\"><div class=\"wpb_wrapper\"><div class=\"vc_empty_space\"   style=\"height: 14px\"><span class=\"vc_empty_space_inner\"><\/span><\/div><\/div><\/div><\/div><\/div><div class=\"vc_row wpb_row vc_row-fluid vc_row-o-content-middle vc_row-flex\"><div class=\"wpb_column vc_column_container vc_col-sm-6\"><div class=\"vc_column-inner\"><div class=\"wpb_wrapper\">\n\t<div  class=\"wpb_single_image wpb_content_element vc_align_center wpb_content_element\">\n\t\t\n\t\t<figure class=\"wpb_wrapper vc_figure\">\n\t\t\t<a href=\"http:\/\/www.tipsservicios.com\/b4s\/\" target=\"_blank\" class=\"vc_single_image-wrapper   vc_box_border_grey\"><img decoding=\"async\" class=\"vc_single_image-img\" src=\"https:\/\/apadrinalaciencia.org\/wp-content\/uploads\/2019\/11\/bsb_Mesa-de-trabajo-1-200x150.jpg\" width=\"200\" height=\"150\" alt=\"bsb_Mesa de trabajo 1\" title=\"bsb_Mesa de trabajo 1\" loading=\"lazy\" \/><\/a>\n\t\t<\/figure>\n\t<\/div>\n\n\t<div  class=\"wpb_single_image wpb_content_element vc_align_center wpb_content_element\">\n\t\t\n\t\t<figure class=\"wpb_wrapper vc_figure\">\n\t\t\t<a href=\"http:\/\/www.tipsservicios.com\/b4s\/\" target=\"_blank\" class=\"vc_single_image-wrapper   vc_box_border_grey\"><img decoding=\"async\" class=\"vc_single_image-img\" src=\"https:\/\/apadrinalaciencia.org\/wp-content\/uploads\/2019\/11\/tp_Mesa-de-trabajo-1-200x100.jpg\" width=\"200\" height=\"100\" alt=\"tp_Mesa de trabajo 1\" title=\"tp_Mesa de trabajo 1\" loading=\"lazy\" \/><\/a>\n\t\t<\/figure>\n\t<\/div>\n<\/div><\/div><\/div><div class=\"wpb_column vc_column_container vc_col-sm-6\"><div class=\"vc_column-inner\"><div class=\"wpb_wrapper\"><div class=\"vc_row wpb_row vc_inner vc_row-fluid\"><div class=\"wpb_column vc_column_container vc_col-sm-6\"><div class=\"vc_column-inner\"><div class=\"wpb_wrapper\">\n\t<div class=\"wpb_text_column wpb_content_element\" >\n\t\t<div class=\"wpb_wrapper\">\n\t\t\t<p class=\"font_2\">\u00abBusiness For Science\u00bb es un proyecto de colaboraci\u00f3n que ponemos en marcha junto con TIPS Servicios profesionales, para contribuir a la investigaci\u00f3n y al desarrollo de proyectos cient\u00edficos.<\/p>\n\n\t\t<\/div>\n\t<\/div>\n\n\t<div class=\"wpb_text_column wpb_content_element\" >\n\t\t<div class=\"wpb_wrapper\">\n\t\t\t<p class=\"font_2\">Inicialmente el proyecto \u00abBusiness For Science\u00bb est\u00e1 dirigido a empresas que quieran contratar seguros (colectivos de salud, accidentes y\/o vida, multirriesgos y responsabilidad civil) a trav\u00e9s de nuestra corredur\u00eda colaboradora. Tambi\u00e9n se incluir\u00eda en este proyecto los servicios m\u00e9dicos que representan (Segunda Opini\u00f3n M\u00e9dica y Carpeta M\u00e9dica Digital), destinados a grandes colectivos y asociaciones.<\/p>\n\n\t\t<\/div>\n\t<\/div>\n<\/div><\/div><\/div><div class=\"wpb_column vc_column_container vc_col-sm-6\"><div class=\"vc_column-inner\"><div class=\"wpb_wrapper\">\n\t<div class=\"wpb_text_column wpb_content_element\" >\n\t\t<div class=\"wpb_wrapper\">\n\t\t\t<p class=\"font_2\">Se donar\u00e1 un porcentaje (40%) de los beneficios netos obtenidos mediante los ingresos que se obtengan por la contrataci\u00f3n de alguno de los productos que se incluyen en el proyecto por parte de nuevas empresas clientes.<\/p>\n<p class=\"font_2\"><strong>Mas informaci\u00f3n en:<\/strong><\/p>\n<p class=\"font_2\">b4s@tipsservicios@gmail.com<\/p>\n<h2 class=\"font_2\"><\/h2>\n\n\t\t<\/div>\n\t<\/div>\n<\/div><\/div><\/div><\/div><\/div><\/div><\/div><\/div><div class=\"vc_row wpb_row vc_row-fluid\"><div class=\"wpb_column vc_column_container vc_col-sm-12\"><div class=\"vc_column-inner\"><div class=\"wpb_wrapper\"><div class=\"vc_empty_space\"   style=\"height: 32px\"><span class=\"vc_empty_space_inner\"><\/span><\/div><\/div><\/div><\/div><\/div>\n<\/div>","protected":false},"excerpt":{"rendered":"TIPS Servicios Profesionales TIPS Servicios Profesionales donar\u00e1 a Apadrina la Ciencia un porcentaje de los servicios que se contraten \"Business For Science\" es un proyecto de<span class=\"excerpt-hellip\"> [\u2026]<\/span>","protected":false},"author":1,"featured_media":0,"parent":510,"menu_order":0,"comment_status":"closed","ping_status":"closed","template":"","meta":{"footnotes":""},"class_list":["post-382","page","type-page","status-publish","hentry"],"yoast_head":"<!-- This site is optimized with the Yoast SEO plugin v24.9 - https:\/\/yoast.com\/wordpress\/plugins\/seo\/ -->\n<title>TIPS Servicios Profesionales - Apadrina la Ciencia<\/title>\n<meta name=\"robots\" content=\"index, follow, max-snippet:-1, max-image-preview:large, max-video-preview:-1\" \/>\n<link rel=\"canonical\" href=\"https:\/\/apadrinalaciencia.org\/en\/sobre-nosotros\/sobre-nosotros-2\/tips-servicios-profesionales\/\" \/>\n<meta property=\"og:locale\" content=\"en_GB\" \/>\n<meta property=\"og:type\" content=\"article\" \/>\n<meta property=\"og:title\" content=\"TIPS Servicios Profesionales - Apadrina la Ciencia\" \/>\n<meta property=\"og:url\" content=\"https:\/\/apadrinalaciencia.org\/en\/sobre-nosotros\/sobre-nosotros-2\/tips-servicios-profesionales\/\" \/>\n<meta property=\"og:site_name\" content=\"Apadrina la Ciencia\" \/>\n<meta property=\"article:modified_time\" content=\"2020-12-30T15:36:10+00:00\" \/>\n<meta name=\"twitter:card\" content=\"summary_large_image\" \/>\n<meta name=\"twitter:label1\" content=\"Estimated reading time\" \/>\n\t<meta name=\"twitter:data1\" content=\"2 minutes\" \/>\n<script type=\"application\/ld+json\" class=\"yoast-schema-graph\">{\"@context\":\"https:\/\/schema.org\",\"@graph\":[{\"@type\":\"WebPage\",\"@id\":\"https:\/\/apadrinalaciencia.org\/sobre-nosotros\/sobre-nosotros-2\/tips-servicios-profesionales\",\"url\":\"https:\/\/apadrinalaciencia.org\/sobre-nosotros\/sobre-nosotros-2\/tips-servicios-profesionales\",\"name\":\"TIPS Servicios Profesionales - Apadrina la Ciencia\",\"isPartOf\":{\"@id\":\"https:\/\/apadrinalaciencia.org\/#website\"},\"datePublished\":\"2019-11-17T09:47:34+00:00\",\"dateModified\":\"2020-12-30T15:36:10+00:00\",\"breadcrumb\":{\"@id\":\"https:\/\/apadrinalaciencia.org\/sobre-nosotros\/sobre-nosotros-2\/tips-servicios-profesionales#breadcrumb\"},\"inLanguage\":\"en-GB\",\"potentialAction\":[{\"@type\":\"ReadAction\",\"target\":[\"https:\/\/apadrinalaciencia.org\/sobre-nosotros\/sobre-nosotros-2\/tips-servicios-profesionales\"]}]},{\"@type\":\"BreadcrumbList\",\"@id\":\"https:\/\/apadrinalaciencia.org\/sobre-nosotros\/sobre-nosotros-2\/tips-servicios-profesionales#breadcrumb\",\"itemListElement\":[{\"@type\":\"ListItem\",\"position\":1,\"name\":\"Home\",\"item\":\"https:\/\/apadrinalaciencia.org\/\"},{\"@type\":\"ListItem\",\"position\":2,\"name\":\"Sobre nosotros\",\"item\":\"https:\/\/apadrinalaciencia.org\/en\/sobre-nosotros\"},{\"@type\":\"ListItem\",\"position\":3,\"name\":\"Empresas colaboradoras\",\"item\":\"https:\/\/apadrinalaciencia.org\/sobre-nosotros\/sobre-nosotros-2\"},{\"@type\":\"ListItem\",\"position\":4,\"name\":\"TIPS Servicios Profesionales\"}]},{\"@type\":\"WebSite\",\"@id\":\"https:\/\/apadrinalaciencia.org\/#website\",\"url\":\"https:\/\/apadrinalaciencia.org\/\",\"name\":\"Apadrina la Ciencia\",\"description\":\"Ayudando a la investigaci\u00f3n construimos el futuro\",\"publisher\":{\"@id\":\"https:\/\/apadrinalaciencia.org\/#organization\"},\"potentialAction\":[{\"@type\":\"SearchAction\",\"target\":{\"@type\":\"EntryPoint\",\"urlTemplate\":\"https:\/\/apadrinalaciencia.org\/?s={search_term_string}\"},\"query-input\":{\"@type\":\"PropertyValueSpecification\",\"valueRequired\":true,\"valueName\":\"search_term_string\"}}],\"inLanguage\":\"en-GB\"},{\"@type\":\"Organization\",\"@id\":\"https:\/\/apadrinalaciencia.org\/#organization\",\"name\":\"Apadrina la Ciencia\",\"url\":\"https:\/\/apadrinalaciencia.org\/\",\"logo\":{\"@type\":\"ImageObject\",\"inLanguage\":\"en-GB\",\"@id\":\"https:\/\/apadrinalaciencia.org\/#\/schema\/logo\/image\/\",\"url\":\"https:\/\/apadrinalaciencia.org\/wp-content\/uploads\/2019\/10\/cropped-logo-apadrina-la-ciencia.png\",\"contentUrl\":\"https:\/\/apadrinalaciencia.org\/wp-content\/uploads\/2019\/10\/cropped-logo-apadrina-la-ciencia.png\",\"width\":374,\"height\":212,\"caption\":\"Apadrina la Ciencia\"},\"image\":{\"@id\":\"https:\/\/apadrinalaciencia.org\/#\/schema\/logo\/image\/\"}}]}<\/script>\n<!-- \/ Yoast SEO plugin. -->","yoast_head_json":{"title":"TIPS Servicios Profesionales - Apadrina la Ciencia","robots":{"index":"index","follow":"follow","max-snippet":"max-snippet:-1","max-image-preview":"max-image-preview:large","max-video-preview":"max-video-preview:-1"},"canonical":"https:\/\/apadrinalaciencia.org\/en\/sobre-nosotros\/sobre-nosotros-2\/tips-servicios-profesionales\/","og_locale":"en_GB","og_type":"article","og_title":"TIPS Servicios Profesionales - Apadrina la Ciencia","og_url":"https:\/\/apadrinalaciencia.org\/en\/sobre-nosotros\/sobre-nosotros-2\/tips-servicios-profesionales\/","og_site_name":"Apadrina la Ciencia","article_modified_time":"2020-12-30T15:36:10+00:00","twitter_card":"summary_large_image","twitter_misc":{"Estimated reading time":"2 minutes"},"schema":{"@context":"https:\/\/schema.org","@graph":[{"@type":"WebPage","@id":"https:\/\/apadrinalaciencia.org\/sobre-nosotros\/sobre-nosotros-2\/tips-servicios-profesionales","url":"https:\/\/apadrinalaciencia.org\/sobre-nosotros\/sobre-nosotros-2\/tips-servicios-profesionales","name":"TIPS Servicios Profesionales - Apadrina la Ciencia","isPartOf":{"@id":"https:\/\/apadrinalaciencia.org\/#website"},"datePublished":"2019-11-17T09:47:34+00:00","dateModified":"2020-12-30T15:36:10+00:00","breadcrumb":{"@id":"https:\/\/apadrinalaciencia.org\/sobre-nosotros\/sobre-nosotros-2\/tips-servicios-profesionales#breadcrumb"},"inLanguage":"en-GB","potentialAction":[{"@type":"ReadAction","target":["https:\/\/apadrinalaciencia.org\/sobre-nosotros\/sobre-nosotros-2\/tips-servicios-profesionales"]}]},{"@type":"BreadcrumbList","@id":"https:\/\/apadrinalaciencia.org\/sobre-nosotros\/sobre-nosotros-2\/tips-servicios-profesionales#breadcrumb","itemListElement":[{"@type":"ListItem","position":1,"name":"Home","item":"https:\/\/apadrinalaciencia.org\/"},{"@type":"ListItem","position":2,"name":"Sobre nosotros","item":"https:\/\/apadrinalaciencia.org\/en\/sobre-nosotros"},{"@type":"ListItem","position":3,"name":"Empresas colaboradoras","item":"https:\/\/apadrinalaciencia.org\/sobre-nosotros\/sobre-nosotros-2"},{"@type":"ListItem","position":4,"name":"TIPS Servicios Profesionales"}]},{"@type":"WebSite","@id":"https:\/\/apadrinalaciencia.org\/#website","url":"https:\/\/apadrinalaciencia.org\/","name":"Apadrina la Ciencia","description":"Ayudando a la investigaci\u00f3n construimos el futuro","publisher":{"@id":"https:\/\/apadrinalaciencia.org\/#organization"},"potentialAction":[{"@type":"SearchAction","target":{"@type":"EntryPoint","urlTemplate":"https:\/\/apadrinalaciencia.org\/?s={search_term_string}"},"query-input":{"@type":"PropertyValueSpecification","valueRequired":true,"valueName":"search_term_string"}}],"inLanguage":"en-GB"},{"@type":"Organization","@id":"https:\/\/apadrinalaciencia.org\/#organization","name":"Apadrina la Ciencia","url":"https:\/\/apadrinalaciencia.org\/","logo":{"@type":"ImageObject","inLanguage":"en-GB","@id":"https:\/\/apadrinalaciencia.org\/#\/schema\/logo\/image\/","url":"https:\/\/apadrinalaciencia.org\/wp-content\/uploads\/2019\/10\/cropped-logo-apadrina-la-ciencia.png","contentUrl":"https:\/\/apadrinalaciencia.org\/wp-content\/uploads\/2019\/10\/cropped-logo-apadrina-la-ciencia.png","width":374,"height":212,"caption":"Apadrina la Ciencia"},"image":{"@id":"https:\/\/apadrinalaciencia.org\/#\/schema\/logo\/image\/"}}]}},"_links":{"self":[{"href":"https:\/\/apadrinalaciencia.org\/en\/wp-json\/wp\/v2\/pages\/382","targetHints":{"allow":["GET"]}}],"collection":[{"href":"https:\/\/apadrinalaciencia.org\/en\/wp-json\/wp\/v2\/pages"}],"about":[{"href":"https:\/\/apadrinalaciencia.org\/en\/wp-json\/wp\/v2\/types\/page"}],"author":[{"embeddable":true,"href":"https:\/\/apadrinalaciencia.org\/en\/wp-json\/wp\/v2\/users\/1"}],"replies":[{"embeddable":true,"href":"https:\/\/apadrinalaciencia.org\/en\/wp-json\/wp\/v2\/comments?post=382"}],"version-history":[{"count":3,"href":"https:\/\/apadrinalaciencia.org\/en\/wp-json\/wp\/v2\/pages\/382\/revisions"}],"predecessor-version":[{"id":385,"href":"https:\/\/apadrinalaciencia.org\/en\/wp-json\/wp\/v2\/pages\/382\/revisions\/385"}],"up":[{"embeddable":true,"href":"https:\/\/apadrinalaciencia.org\/en\/wp-json\/wp\/v2\/pages\/510"}],"wp:attachment":[{"href":"https:\/\/apadrinalaciencia.org\/en\/wp-json\/wp\/v2\/media?parent=382"}],"curies":[{"name":"wp","href":"https:\/\/api.w.org\/{rel}","templated":true}]}}