{"id":204,"date":"2019-10-27T14:33:01","date_gmt":"2019-10-27T13:33:01","guid":{"rendered":"https:\/\/apadrinalaciencia.org\/?page_id=204"},"modified":"2024-04-10T12:03:34","modified_gmt":"2024-04-10T10:03:34","slug":"soy-particular","status":"publish","type":"page","link":"https:\/\/apadrinalaciencia.org\/en\/soy-particular","title":{"rendered":"Soy Particular"},"content":{"rendered":"<div class=\"wpb-content-wrapper\"><div class=\"vc_row wpb_row vc_row-fluid\"><div class=\"wpb_column vc_column_container vc_col-sm-12\"><div class=\"vc_column-inner\"><div class=\"wpb_wrapper\"><div class=\"vc_empty_space\"   style=\"height: 100px\"><span class=\"vc_empty_space_inner\"><\/span><\/div><\/div><\/div><\/div><\/div><div class=\"vc_row wpb_row vc_row-fluid\"><div class=\"wpb_column vc_column_container vc_col-sm-12\"><div class=\"vc_column-inner\"><div class=\"wpb_wrapper\"><h2 style=\"font-size: 55px;text-align: left;font-family:Raleway;font-weight:900;font-style:normal\" class=\"vc_custom_heading vc_do_custom_heading\" >Soy particular<\/h2><div class=\"vc_row wpb_row vc_inner vc_row-fluid\"><div class=\"wpb_column vc_column_container vc_col-sm-12\"><div class=\"vc_column-inner\"><div class=\"wpb_wrapper\"><h5 style=\"color: #f29100;text-align: left;font-family:Quicksand;font-weight:700;font-style:normal\" class=\"vc_custom_heading vc_do_custom_heading\" >LAS APORTACIONES DE PERSONAS COMO T\u00da CONTRIBUIR\u00c1N A QUE SE SIGA DESARROLLANDO PROYECTOS CIENT\u00cdFICOS.<\/h5><\/div><\/div><\/div><\/div><\/div><\/div><\/div><\/div><div class=\"vc_row wpb_row vc_row-fluid\"><div class=\"wpb_column vc_column_container vc_col-sm-12\"><div class=\"vc_column-inner\"><div class=\"wpb_wrapper\"><h3 style=\"font-size: 25px;text-align: center\" class=\"vc_custom_heading vc_do_custom_heading\" >\u00bfDe qu\u00e9 forma puedo colaborar?<\/h3><\/div><\/div><\/div><\/div><div class=\"vc_row wpb_row vc_row-fluid\"><div data-vc-parallax=\"1.5\" data-vc-parallax-o-fade=\"on\" data-vc-parallax-image=\"https:\/\/apadrinalaciencia.org\/wp-content\/uploads\/2019\/10\/karim-ghantous-dxS2okXd-zo-unsplash.jpg\" class=\"wpb_column vc_column_container vc_col-sm-12 vc_col-has-fill vc_general vc_parallax vc_parallax-content-moving-fade js-vc_parallax-o-fade\"><div class=\"vc_column-inner\"><div class=\"wpb_wrapper\"><div class=\"vc_row wpb_row vc_inner vc_row-fluid vc_custom_1573833712536 vc_row-has-fill vc_row-o-equal-height vc_row-flex\"><div class=\"wpb_column vc_column_container vc_col-sm-2\"><div class=\"vc_column-inner\"><div class=\"wpb_wrapper\"><\/div><\/div><\/div><div class=\"wpb_column vc_column_container vc_col-sm-2\"><div class=\"vc_column-inner\"><div class=\"wpb_wrapper\"><div class=\"vc_icon_element vc_icon_element-outer vc_do_icon vc_icon_element-align-center\"><div class=\"vc_icon_element-inner vc_icon_element-color-custom vc_icon_element-size-xl vc_icon_element-style- vc_icon_element-background-color-grey\" ><span class=\"vc_icon_element-icon fa fa-id-card-o\" style=\"color:#d0e5ec !important\"><\/span><\/div><\/div><h4 style=\"text-align: center;font-family:Raleway;font-weight:900;font-style:normal\" class=\"vc_custom_heading vc_do_custom_heading\" >Ser<br \/>\nsocio<\/h4><div class=\"vc_separator wpb_content_element vc_separator_align_center vc_sep_width_50 vc_sep_pos_align_center vc_separator_no_text vc_sep_color_black wpb_content_element  wpb_content_element\" ><span class=\"vc_sep_holder vc_sep_holder_l\"><span class=\"vc_sep_line\"><\/span><\/span><span class=\"vc_sep_holder vc_sep_holder_r\"><span class=\"vc_sep_line\"><\/span><\/span>\n<\/div>\n\t<div class=\"wpb_text_column wpb_content_element\" >\n\t\t<div class=\"wpb_wrapper\">\n\t\t\t<p style=\"text-align: center;\">Puedes elegir el importe y la periodicidad de tu aportaci\u00f3n.<\/p>\n\n\t\t<\/div>\n\t<\/div>\n<\/div><\/div><\/div><div class=\"wpb_column vc_column_container vc_col-sm-2\"><div class=\"vc_column-inner\"><div class=\"wpb_wrapper\"><div class=\"vc_icon_element vc_icon_element-outer vc_do_icon vc_icon_element-align-center\"><div class=\"vc_icon_element-inner vc_icon_element-color-custom vc_icon_element-size-xl vc_icon_element-style- vc_icon_element-background-color-grey\" ><span class=\"vc_icon_element-icon fa fa-credit-card\" style=\"color:#d0e5ec !important\"><\/span><\/div><\/div><h4 style=\"text-align: center;font-family:Raleway;font-weight:900;font-style:normal\" class=\"vc_custom_heading vc_do_custom_heading\" >Hacer una donaci\u00f3n<\/h4><div class=\"vc_separator wpb_content_element vc_separator_align_center vc_sep_width_50 vc_sep_pos_align_center vc_separator_no_text vc_sep_color_black wpb_content_element  wpb_content_element\" ><span class=\"vc_sep_holder vc_sep_holder_l\"><span class=\"vc_sep_line\"><\/span><\/span><span class=\"vc_sep_holder vc_sep_holder_r\"><span class=\"vc_sep_line\"><\/span><\/span>\n<\/div>\n\t<div class=\"wpb_text_column wpb_content_element\" >\n\t\t<div class=\"wpb_wrapper\">\n\t\t\t<p style=\"text-align: center;\">Acto de gran generosidad que servir\u00e1 para mejorar la vida de las futuras generaciones.<\/p>\n\n\t\t<\/div>\n\t<\/div>\n<\/div><\/div><\/div><div class=\"wpb_column vc_column_container vc_col-sm-2\"><div class=\"vc_column-inner\"><div class=\"wpb_wrapper\"><div class=\"vc_icon_element vc_icon_element-outer vc_do_icon vc_icon_element-align-center\"><div class=\"vc_icon_element-inner vc_icon_element-color-custom vc_icon_element-size-xl vc_icon_element-style- vc_icon_element-background-color-grey\" ><span class=\"vc_icon_element-icon fa fa-calendar\" style=\"color:#d0e5ec !important\"><\/span><\/div><\/div><h4 style=\"text-align: center;font-family:Raleway;font-weight:900;font-style:normal\" class=\"vc_custom_heading vc_do_custom_heading\" >Organiza un evento<\/h4><div class=\"vc_separator wpb_content_element vc_separator_align_center vc_sep_width_50 vc_sep_pos_align_center vc_separator_no_text vc_sep_color_black wpb_content_element  wpb_content_element\" ><span class=\"vc_sep_holder vc_sep_holder_l\"><span class=\"vc_sep_line\"><\/span><\/span><span class=\"vc_sep_holder vc_sep_holder_r\"><span class=\"vc_sep_line\"><\/span><\/span>\n<\/div>\n\t<div class=\"wpb_text_column wpb_content_element\" >\n\t\t<div class=\"wpb_wrapper\">\n\t\t\t<p class=\"font_5\" style=\"text-align: center;\">Puedes organizar actividades para recaudar fondos<\/p>\n\n\t\t<\/div>\n\t<\/div>\n<\/div><\/div><\/div><div class=\"wpb_column vc_column_container vc_col-sm-2\"><div class=\"vc_column-inner\"><div class=\"wpb_wrapper\"><div class=\"vc_icon_element vc_icon_element-outer vc_do_icon vc_icon_element-align-center\"><div class=\"vc_icon_element-inner vc_icon_element-color-custom vc_icon_element-size-xl vc_icon_element-style- vc_icon_element-background-color-grey\" ><span class=\"vc_icon_element-icon fa fa-shopping-cart\" style=\"color:#d0e5ec !important\"><\/span><\/div><\/div><h4 style=\"text-align: center;font-family:Raleway;font-weight:900;font-style:normal\" class=\"vc_custom_heading vc_do_custom_heading\" >Hacer una compra solidaria<\/h4><div class=\"vc_separator wpb_content_element vc_separator_align_center vc_sep_width_50 vc_sep_pos_align_center vc_separator_no_text vc_sep_color_black wpb_content_element  wpb_content_element\" ><span class=\"vc_sep_holder vc_sep_holder_l\"><span class=\"vc_sep_line\"><\/span><\/span><span class=\"vc_sep_holder vc_sep_holder_r\"><span class=\"vc_sep_line\"><\/span><\/span>\n<\/div>\n\t<div class=\"wpb_text_column wpb_content_element\" >\n\t\t<div class=\"wpb_wrapper\">\n\t\t\t<p class=\"font_5\" style=\"text-align: center;\">Productos \u00a0para que pod\u00e1is colaborar con la Ciencia.<\/p>\n\n\t\t<\/div>\n\t<\/div>\n<\/div><\/div><\/div><div class=\"wpb_column vc_column_container vc_col-sm-2\"><div class=\"vc_column-inner\"><div class=\"wpb_wrapper\"><\/div><\/div><\/div><\/div><\/div><\/div><\/div><\/div><div class=\"vc_row wpb_row vc_row-fluid\"><div class=\"wpb_column vc_column_container vc_col-sm-12\"><div class=\"vc_column-inner\"><div class=\"wpb_wrapper\"><div class=\"vc_empty_space\"   style=\"height: 5px\"><span class=\"vc_empty_space_inner\"><\/span><\/div><\/div><\/div><\/div><\/div><div class=\"vc_row wpb_row vc_row-fluid\"><div class=\"wpb_column vc_column_container vc_col-sm-12\"><div class=\"vc_column-inner\"><div class=\"wpb_wrapper\"><h3 style=\"font-size: 25px;text-align: center\" class=\"vc_custom_heading vc_do_custom_heading\" >Rellena el formulario de contacto<\/h3><div class=\"vc_empty_space\"   style=\"height: 14px\"><span class=\"vc_empty_space_inner\"><\/span><\/div><div class=\"vc_row wpb_row vc_inner vc_row-fluid\"><div class=\"wpb_column vc_column_container vc_col-sm-3\"><div class=\"vc_column-inner\"><div class=\"wpb_wrapper\"><\/div><\/div><\/div><div class=\"wpb_column vc_column_container vc_col-sm-6\"><div class=\"vc_column-inner\"><div class=\"wpb_wrapper\">\n<div class=\"wpcf7 no-js\" id=\"wpcf7-f266-o1\" lang=\"en-US\" dir=\"ltr\" data-wpcf7-id=\"266\">\n<div class=\"screen-reader-response\"><p role=\"status\" aria-live=\"polite\" aria-atomic=\"true\"><\/p> <ul><\/ul><\/div>\n<form action=\"\/en\/wp-json\/wp\/v2\/pages\/204#wpcf7-f266-o1\" method=\"post\" class=\"wpcf7-form init\" aria-label=\"Contact form\" novalidate=\"novalidate\" data-status=\"init\" data-trp-original-action=\"\/en\/wp-json\/wp\/v2\/pages\/204#wpcf7-f266-o1\">\n<div style=\"display: none;\">\n<input type=\"hidden\" name=\"_wpcf7\" value=\"266\" \/>\n<input type=\"hidden\" name=\"_wpcf7_version\" value=\"6.0.6\" \/>\n<input type=\"hidden\" name=\"_wpcf7_locale\" value=\"en_US\" \/>\n<input type=\"hidden\" name=\"_wpcf7_unit_tag\" value=\"wpcf7-f266-o1\" \/>\n<input type=\"hidden\" name=\"_wpcf7_container_post\" value=\"0\" \/>\n<input type=\"hidden\" name=\"_wpcf7_posted_data_hash\" value=\"\" \/>\n<\/div>\n<div class=\"column one-second\">\n\t<p><span class=\"wpcf7-form-control-wrap\" data-name=\"your-name\"><input size=\"40\" maxlength=\"400\" class=\"wpcf7-form-control wpcf7-text wpcf7-validates-as-required\" aria-required=\"true\" aria-invalid=\"false\" placeholder=\"Name\" value=\"\" type=\"text\" name=\"your-name\" \/><\/span>\n\t<\/p>\n<\/div>\n<div class=\"column one-second\">\n\t<p><span class=\"wpcf7-form-control-wrap\" data-name=\"your-email\"><input size=\"40\" maxlength=\"400\" class=\"wpcf7-form-control wpcf7-email wpcf7-validates-as-required wpcf7-text wpcf7-validates-as-email\" aria-required=\"true\" aria-invalid=\"false\" placeholder=\"E-mail\" value=\"\" type=\"email\" name=\"your-email\" \/><\/span>\n\t<\/p>\n<\/div>\n<div class=\"column one\">\n\t<p>Me gustar\u00eda...\n\t<\/p>\n<\/div>\n<div class=\"column one-second\">\n\t<p><span class=\"wpcf7-form-control-wrap\" data-name=\"radio-495\"><span class=\"wpcf7-form-control wpcf7-radio\"><span class=\"wpcf7-list-item first\"><input type=\"radio\" name=\"radio-495\" value=\"Ser socio\" checked=\"checked\" \/><span class=\"wpcf7-list-item-label\">Ser socio<\/span><\/span><span class=\"wpcf7-list-item\"><input type=\"radio\" name=\"radio-495\" value=\"Hacer una donaci\u00f3n\" \/><span class=\"wpcf7-list-item-label\">Hacer una donaci\u00f3n<\/span><\/span><span class=\"wpcf7-list-item\"><input type=\"radio\" name=\"radio-495\" value=\"Organizar un evento\" \/><span class=\"wpcf7-list-item-label\">Organizar un evento<\/span><\/span><span class=\"wpcf7-list-item last\"><input type=\"radio\" name=\"radio-495\" value=\"Hacer una compra solidaria\" \/><span class=\"wpcf7-list-item-label\">Hacer una compra solidaria<\/span><\/span><\/span><\/span>\n\t<\/p>\n<\/div>\n<div class=\"column one\">\n\t<p><span class=\"wpcf7-form-control-wrap\" data-name=\"your-subject\"><input size=\"40\" maxlength=\"400\" class=\"wpcf7-form-control wpcf7-text wpcf7-validates-as-required\" aria-required=\"true\" aria-invalid=\"false\" placeholder=\"Cuentanos un poco m\u00e1s\" value=\"\" type=\"text\" name=\"your-subject\" \/><\/span>\n\t<\/p>\n<\/div>\n<div class=\"column one\">\n\t<p><span class=\"wpcf7-form-control-wrap\" data-name=\"your-message\"><textarea cols=\"40\" rows=\"6\" maxlength=\"2000\" class=\"wpcf7-form-control wpcf7-textarea wpcf7-validates-as-required\" aria-required=\"true\" aria-invalid=\"false\" placeholder=\"Message\" name=\"your-message\"><\/textarea><\/span>\n\t<\/p>\n<\/div>\n<div class=\"column one\">\n\t<p><input class=\"wpcf7-form-control wpcf7-submit has-spinner\" type=\"submit\" value=\"Send message\" \/>\n\t<\/p>\n<\/div><div class=\"wpcf7-response-output\" aria-hidden=\"true\"><\/div>\n<input type=\"hidden\" name=\"trp-form-language\" value=\"en\"\/><\/form>\n<\/div>\n<\/div><\/div><\/div><div class=\"wpb_column vc_column_container vc_col-sm-3\"><div class=\"vc_column-inner\"><div class=\"wpb_wrapper\"><\/div><\/div><\/div><\/div><\/div><\/div><\/div><\/div><div class=\"vc_row wpb_row vc_row-fluid\"><div class=\"wpb_column vc_column_container vc_col-sm-12\"><div class=\"vc_column-inner\"><div class=\"wpb_wrapper\"><div class=\"vc_empty_space\"   style=\"height: 5px\"><span class=\"vc_empty_space_inner\"><\/span><\/div><\/div><\/div><\/div><\/div><div class=\"vc_row wpb_row vc_row-fluid\"><div class=\"wpb_column vc_column_container vc_col-sm-12\"><div class=\"vc_column-inner\"><div class=\"wpb_wrapper\"><div class=\"vc_separator wpb_content_element vc_separator_align_center vc_sep_width_100 vc_sep_pos_align_center vc_separator_no_text vc_sep_color_black wpb_content_element  wpb_content_element\" ><span class=\"vc_sep_holder vc_sep_holder_l\"><span class=\"vc_sep_line\"><\/span><\/span><span class=\"vc_sep_holder vc_sep_holder_r\"><span class=\"vc_sep_line\"><\/span><\/span>\n<\/div><h3 style=\"font-size: 25px;text-align: center\" class=\"vc_custom_heading vc_do_custom_heading\" >Estaremos encantados de escuchar tus propuestas para que juntos encontremos la manera de ayudar a que la Ciencia siga avanzando en nuestro pa\u00eds. Invertir en Ciencia es invertir en progreso.<\/h3><\/div><\/div><\/div><\/div><div class=\"vc_row wpb_row vc_row-fluid\"><div class=\"wpb_column vc_column_container vc_col-sm-12\"><div class=\"vc_column-inner\"><div class=\"wpb_wrapper\"><div class=\"vc_empty_space\"   style=\"height: 100px\"><span class=\"vc_empty_space_inner\"><\/span><\/div><\/div><\/div><\/div><\/div>\n<\/div>","protected":false},"excerpt":{"rendered":"Soy particularLAS APORTACIONES DE PERSONAS COMO T\u00da CONTRIBUIR\u00c1N A QUE SE SIGA DESARROLLANDO PROYECTOS CIENT\u00cdFICOS.\u00bfDe qu\u00e9 forma puedo colaborar?Ser socio Puedes elegir el importe y la<span class=\"excerpt-hellip\"> [\u2026]<\/span>","protected":false},"author":1,"featured_media":0,"parent":0,"menu_order":0,"comment_status":"closed","ping_status":"closed","template":"","meta":{"footnotes":""},"class_list":["post-204","page","type-page","status-publish","hentry"],"yoast_head":"<!-- This site is optimized with the Yoast SEO plugin v24.9 - https:\/\/yoast.com\/wordpress\/plugins\/seo\/ -->\n<title>Soy Particular - Apadrina la Ciencia<\/title>\n<meta name=\"robots\" content=\"index, follow, max-snippet:-1, max-image-preview:large, max-video-preview:-1\" \/>\n<link rel=\"canonical\" href=\"https:\/\/apadrinalaciencia.org:80\/en\/soy-particular\/\" \/>\n<meta property=\"og:locale\" content=\"en_GB\" \/>\n<meta property=\"og:type\" content=\"article\" \/>\n<meta property=\"og:title\" content=\"Soy Particular - Apadrina la Ciencia\" \/>\n<meta property=\"og:url\" content=\"https:\/\/apadrinalaciencia.org:80\/en\/soy-particular\/\" \/>\n<meta property=\"og:site_name\" content=\"Apadrina la Ciencia\" \/>\n<meta property=\"article:modified_time\" content=\"2024-04-10T10:03:34+00:00\" \/>\n<meta name=\"twitter:card\" content=\"summary_large_image\" \/>\n<meta name=\"twitter:label1\" content=\"Estimated reading time\" \/>\n\t<meta name=\"twitter:data1\" content=\"3 minutes\" \/>\n<script type=\"application\/ld+json\" class=\"yoast-schema-graph\">{\"@context\":\"https:\/\/schema.org\",\"@graph\":[{\"@type\":\"WebPage\",\"@id\":\"https:\/\/apadrinalaciencia.org:80\/soy-particular\",\"url\":\"https:\/\/apadrinalaciencia.org:80\/soy-particular\",\"name\":\"Soy Particular - Apadrina la Ciencia\",\"isPartOf\":{\"@id\":\"https:\/\/apadrinalaciencia.org\/#website\"},\"datePublished\":\"2019-10-27T13:33:01+00:00\",\"dateModified\":\"2024-04-10T10:03:34+00:00\",\"breadcrumb\":{\"@id\":\"https:\/\/apadrinalaciencia.org:80\/soy-particular#breadcrumb\"},\"inLanguage\":\"en-GB\",\"potentialAction\":[{\"@type\":\"ReadAction\",\"target\":[\"https:\/\/apadrinalaciencia.org:80\/soy-particular\"]}]},{\"@type\":\"BreadcrumbList\",\"@id\":\"https:\/\/apadrinalaciencia.org:80\/soy-particular#breadcrumb\",\"itemListElement\":[{\"@type\":\"ListItem\",\"position\":1,\"name\":\"Home\",\"item\":\"https:\/\/apadrinalaciencia.org\/\"},{\"@type\":\"ListItem\",\"position\":2,\"name\":\"Soy Particular\"}]},{\"@type\":\"WebSite\",\"@id\":\"https:\/\/apadrinalaciencia.org\/#website\",\"url\":\"https:\/\/apadrinalaciencia.org\/\",\"name\":\"Apadrina la Ciencia\",\"description\":\"Ayudando a la investigaci\u00f3n construimos el futuro\",\"publisher\":{\"@id\":\"https:\/\/apadrinalaciencia.org\/#organization\"},\"potentialAction\":[{\"@type\":\"SearchAction\",\"target\":{\"@type\":\"EntryPoint\",\"urlTemplate\":\"https:\/\/apadrinalaciencia.org\/?s={search_term_string}\"},\"query-input\":{\"@type\":\"PropertyValueSpecification\",\"valueRequired\":true,\"valueName\":\"search_term_string\"}}],\"inLanguage\":\"en-GB\"},{\"@type\":\"Organization\",\"@id\":\"https:\/\/apadrinalaciencia.org\/#organization\",\"name\":\"Apadrina la Ciencia\",\"url\":\"https:\/\/apadrinalaciencia.org\/\",\"logo\":{\"@type\":\"ImageObject\",\"inLanguage\":\"en-GB\",\"@id\":\"https:\/\/apadrinalaciencia.org\/#\/schema\/logo\/image\/\",\"url\":\"https:\/\/apadrinalaciencia.org\/wp-content\/uploads\/2019\/10\/cropped-logo-apadrina-la-ciencia.png\",\"contentUrl\":\"https:\/\/apadrinalaciencia.org\/wp-content\/uploads\/2019\/10\/cropped-logo-apadrina-la-ciencia.png\",\"width\":374,\"height\":212,\"caption\":\"Apadrina la Ciencia\"},\"image\":{\"@id\":\"https:\/\/apadrinalaciencia.org\/#\/schema\/logo\/image\/\"}}]}<\/script>\n<!-- \/ Yoast SEO plugin. -->","yoast_head_json":{"title":"Soy Particular - Apadrina la Ciencia","robots":{"index":"index","follow":"follow","max-snippet":"max-snippet:-1","max-image-preview":"max-image-preview:large","max-video-preview":"max-video-preview:-1"},"canonical":"https:\/\/apadrinalaciencia.org:80\/en\/soy-particular\/","og_locale":"en_GB","og_type":"article","og_title":"Soy Particular - Apadrina la Ciencia","og_url":"https:\/\/apadrinalaciencia.org:80\/en\/soy-particular\/","og_site_name":"Apadrina la Ciencia","article_modified_time":"2024-04-10T10:03:34+00:00","twitter_card":"summary_large_image","twitter_misc":{"Estimated reading time":"3 minutes"},"schema":{"@context":"https:\/\/schema.org","@graph":[{"@type":"WebPage","@id":"https:\/\/apadrinalaciencia.org:80\/soy-particular","url":"https:\/\/apadrinalaciencia.org:80\/soy-particular","name":"Soy Particular - Apadrina la Ciencia","isPartOf":{"@id":"https:\/\/apadrinalaciencia.org\/#website"},"datePublished":"2019-10-27T13:33:01+00:00","dateModified":"2024-04-10T10:03:34+00:00","breadcrumb":{"@id":"https:\/\/apadrinalaciencia.org:80\/soy-particular#breadcrumb"},"inLanguage":"en-GB","potentialAction":[{"@type":"ReadAction","target":["https:\/\/apadrinalaciencia.org:80\/soy-particular"]}]},{"@type":"BreadcrumbList","@id":"https:\/\/apadrinalaciencia.org:80\/soy-particular#breadcrumb","itemListElement":[{"@type":"ListItem","position":1,"name":"Home","item":"https:\/\/apadrinalaciencia.org\/"},{"@type":"ListItem","position":2,"name":"Soy Particular"}]},{"@type":"WebSite","@id":"https:\/\/apadrinalaciencia.org\/#website","url":"https:\/\/apadrinalaciencia.org\/","name":"Apadrina la Ciencia","description":"Ayudando a la investigaci\u00f3n construimos el futuro","publisher":{"@id":"https:\/\/apadrinalaciencia.org\/#organization"},"potentialAction":[{"@type":"SearchAction","target":{"@type":"EntryPoint","urlTemplate":"https:\/\/apadrinalaciencia.org\/?s={search_term_string}"},"query-input":{"@type":"PropertyValueSpecification","valueRequired":true,"valueName":"search_term_string"}}],"inLanguage":"en-GB"},{"@type":"Organization","@id":"https:\/\/apadrinalaciencia.org\/#organization","name":"Apadrina la Ciencia","url":"https:\/\/apadrinalaciencia.org\/","logo":{"@type":"ImageObject","inLanguage":"en-GB","@id":"https:\/\/apadrinalaciencia.org\/#\/schema\/logo\/image\/","url":"https:\/\/apadrinalaciencia.org\/wp-content\/uploads\/2019\/10\/cropped-logo-apadrina-la-ciencia.png","contentUrl":"https:\/\/apadrinalaciencia.org\/wp-content\/uploads\/2019\/10\/cropped-logo-apadrina-la-ciencia.png","width":374,"height":212,"caption":"Apadrina la Ciencia"},"image":{"@id":"https:\/\/apadrinalaciencia.org\/#\/schema\/logo\/image\/"}}]}},"_links":{"self":[{"href":"https:\/\/apadrinalaciencia.org\/en\/wp-json\/wp\/v2\/pages\/204","targetHints":{"allow":["GET"]}}],"collection":[{"href":"https:\/\/apadrinalaciencia.org\/en\/wp-json\/wp\/v2\/pages"}],"about":[{"href":"https:\/\/apadrinalaciencia.org\/en\/wp-json\/wp\/v2\/types\/page"}],"author":[{"embeddable":true,"href":"https:\/\/apadrinalaciencia.org\/en\/wp-json\/wp\/v2\/users\/1"}],"replies":[{"embeddable":true,"href":"https:\/\/apadrinalaciencia.org\/en\/wp-json\/wp\/v2\/comments?post=204"}],"version-history":[{"count":34,"href":"https:\/\/apadrinalaciencia.org\/en\/wp-json\/wp\/v2\/pages\/204\/revisions"}],"predecessor-version":[{"id":1445,"href":"https:\/\/apadrinalaciencia.org\/en\/wp-json\/wp\/v2\/pages\/204\/revisions\/1445"}],"wp:attachment":[{"href":"https:\/\/apadrinalaciencia.org\/en\/wp-json\/wp\/v2\/media?parent=204"}],"curies":[{"name":"wp","href":"https:\/\/api.w.org\/{rel}","templated":true}]}}