{"id":1519,"date":"2024-05-08T09:00:02","date_gmt":"2024-05-08T07:00:02","guid":{"rendered":"https:\/\/apadrinalaciencia.org\/?page_id=1519"},"modified":"2025-05-12T11:08:54","modified_gmt":"2025-05-12T09:08:54","slug":"colabora","status":"publish","type":"page","link":"https:\/\/apadrinalaciencia.org\/en\/colabora","title":{"rendered":"Colabora"},"content":{"rendered":"<div class=\"wpb-content-wrapper\"><div class=\"vc_row wpb_row vc_row-fluid\"><div class=\"wpb_column vc_column_container vc_col-sm-12\"><div class=\"vc_column-inner\"><div class=\"wpb_wrapper\"><div class=\"vc_empty_space\"   style=\"height: 100px\"><span class=\"vc_empty_space_inner\"><\/span><\/div><\/div><\/div><\/div><\/div><div class=\"vc_row wpb_row vc_row-fluid\"><div class=\"wpb_column vc_column_container vc_col-sm-12\"><div class=\"vc_column-inner\"><div class=\"wpb_wrapper\"><h2 style=\"text-align: left;font-family:Raleway;font-weight:900;font-style:normal\" class=\"vc_custom_heading vc_do_custom_heading\" ><a href=\"\">Colabora<\/a><\/h2>\n\t<div class=\"wpb_text_column wpb_content_element\" >\n\t\t<div class=\"wpb_wrapper\">\n\t\t\t<p>Ay\u00fadanos a que la <strong>Ciencia<\/strong> siga adelante.<\/p>\n<p>El progreso y la esperanza y calidad de vida dependen en gran medida de los descubrimientos cient\u00edficos y de la aplicaci\u00f3n de los mismos en todos los \u00e1mbitos de la vida.<\/p>\n<p><strong>Necesitamos tu colaboraci\u00f3n,<\/strong> con\u00a0tu peque\u00f1o gesto nos ayudas para que la Ciencia siga avanzando.<\/p>\n<p>Contacta con nosotros.<\/p>\n\n\t\t<\/div>\n\t<\/div>\n<\/div><\/div><\/div><\/div><div class=\"vc_row wpb_row vc_row-fluid\"><div class=\"wpb_column vc_column_container vc_col-sm-4\"><div class=\"vc_column-inner\"><div class=\"wpb_wrapper\"><h4 style=\"color: #ecbe49;text-align: left;font-family:Raleway;font-weight:900;font-style:normal\" class=\"vc_custom_heading vc_do_custom_heading\" ><a href=\"\">DONA<\/a><\/h4><\/div><\/div><\/div><div class=\"wpb_column vc_column_container vc_col-sm-8\"><div class=\"vc_column-inner\"><div class=\"wpb_wrapper\">\n\t<div  class=\"wpb_single_image wpb_content_element vc_align_left wpb_content_element\">\n\t\t\n\t\t<figure class=\"wpb_wrapper vc_figure\">\n\t\t\t<div class=\"vc_single_image-wrapper   vc_box_border_grey\"><img loading=\"lazy\" decoding=\"async\" width=\"3190\" height=\"811\" src=\"https:\/\/apadrinalaciencia.org\/wp-content\/uploads\/2024\/05\/dona.png\" class=\"vc_single_image-img attachment-full\" alt=\"\" title=\"dona\" srcset=\"https:\/\/apadrinalaciencia.org\/wp-content\/uploads\/2024\/05\/dona.png 3190w, https:\/\/apadrinalaciencia.org\/wp-content\/uploads\/2024\/05\/dona-300x76.png 300w, https:\/\/apadrinalaciencia.org\/wp-content\/uploads\/2024\/05\/dona-1024x260.png 1024w, https:\/\/apadrinalaciencia.org\/wp-content\/uploads\/2024\/05\/dona-768x195.png 768w, https:\/\/apadrinalaciencia.org\/wp-content\/uploads\/2024\/05\/dona-1536x391.png 1536w, https:\/\/apadrinalaciencia.org\/wp-content\/uploads\/2024\/05\/dona-2048x521.png 2048w, https:\/\/apadrinalaciencia.org\/wp-content\/uploads\/2024\/05\/dona-18x5.png 18w, https:\/\/apadrinalaciencia.org\/wp-content\/uploads\/2024\/05\/dona-260x66.png 260w, https:\/\/apadrinalaciencia.org\/wp-content\/uploads\/2024\/05\/dona-50x13.png 50w, https:\/\/apadrinalaciencia.org\/wp-content\/uploads\/2024\/05\/dona-150x38.png 150w\" sizes=\"auto, (max-width:767px) 480px, (max-width:3190px) 100vw, 3190px\" \/><\/div>\n\t\t<\/figure>\n\t<\/div>\n<\/div><\/div><\/div><\/div><div class=\"vc_row wpb_row vc_row-fluid\"><div class=\"wpb_column vc_column_container vc_col-sm-12\"><div class=\"vc_column-inner\"><div class=\"wpb_wrapper\"><div class=\"vc_row wpb_row vc_inner vc_row-fluid\"><div class=\"wpb_column vc_column_container vc_col-sm-4\"><div class=\"vc_column-inner\"><div class=\"wpb_wrapper\"><h4 style=\"color: #cde5ec;text-align: left;font-family:Raleway;font-weight:900;font-style:normal\" class=\"vc_custom_heading vc_do_custom_heading\" ><a href=\"\">CAUSAS<\/a><\/h4><h5 style=\"color: #000000;text-align: left;font-family:Quicksand;font-weight:400;font-style:normal\" class=\"vc_custom_heading vc_do_custom_heading\" ><a href=\"\">Donaciones a proyectos espec\u00edficos. Si quieres que se desarrolle una l\u00ednea de investigaci\u00f3n determinada, desde Apadrina la Ciencia te ayudaremos a encontrar el grupo que la lleva a cabo para que tu aportaci\u00f3n llegue al sitio que t\u00fa decides.<\/a><\/h5><\/div><\/div><\/div><div class=\"wpb_column vc_column_container vc_col-sm-4\"><div class=\"vc_column-inner\"><div class=\"wpb_wrapper\"><h4 style=\"color: #cde5ec;text-align: left;font-family:Raleway;font-weight:900;font-style:normal\" class=\"vc_custom_heading vc_do_custom_heading\" ><a href=\"\">DESTINO<\/a><\/h4><h5 style=\"color: #000000;text-align: left;font-family:Quicksand;font-weight:400;font-style:normal\" class=\"vc_custom_heading vc_do_custom_heading\" ><a href=\"\">Donaciones a Centros de Investigaci\u00f3n determinados<br \/>\nSi  decides ayudar a un Centro de Investigaci\u00f3n, desde Apadrina la Ciencia te ayudaremos que tu esfuerzo llegue hasta donde t\u00fa quieres.<\/a><\/h5><\/div><\/div><\/div><div class=\"wpb_column vc_column_container vc_col-sm-4\"><div class=\"vc_column-inner\"><div class=\"wpb_wrapper\"><h4 style=\"color: #cde5ec;text-align: left;font-family:Raleway;font-weight:900;font-style:normal\" class=\"vc_custom_heading vc_do_custom_heading\" ><a href=\"\">T\u00da DECIDES C\u00d3MO<\/a><\/h4><h5 style=\"color: #000000;text-align: left;font-family:Quicksand;font-weight:400;font-style:normal\" class=\"vc_custom_heading vc_do_custom_heading\" ><a href=\"\">Necesitamos que nos ayudes con tu experiencia, conocimientos o contactos a organizar actividades para recaudar fondos para alcanzar nuestros objetivos.<\/a><\/h5><\/div><\/div><\/div><\/div><\/div><\/div><\/div><\/div><div class=\"vc_row wpb_row vc_row-fluid\"><div class=\"wpb_column vc_column_container vc_col-sm-12\"><div class=\"vc_column-inner\"><div class=\"wpb_wrapper\"><div class=\"vc_row wpb_row vc_inner vc_row-fluid\"><div class=\"wpb_column vc_column_container vc_col-sm-3\"><div class=\"vc_column-inner\"><div class=\"wpb_wrapper\"><div class=\"vc_icon_element vc_icon_element-outer vc_do_icon vc_icon_element-align-center\"><div class=\"vc_icon_element-inner vc_icon_element-color-custom vc_icon_element-size-xl vc_icon_element-style- vc_icon_element-background-color-grey\" ><span class=\"vc_icon_element-icon fa fa-flask\" style=\"color:#d6d5d5 !important\"><\/span><\/div><\/div><h5 style=\"color: #000000;text-align: center;font-family:Quicksand;font-weight:700;font-style:normal\" class=\"vc_custom_heading vc_do_custom_heading\" ><a href=\"\">CIENCIAS NATURALES Y DE LA SALUD<\/a><\/h5><\/div><\/div><\/div><div class=\"wpb_column vc_column_container vc_col-sm-3\"><div class=\"vc_column-inner\"><div class=\"wpb_wrapper\"><div class=\"vc_icon_element vc_icon_element-outer vc_do_icon vc_icon_element-align-center\"><div class=\"vc_icon_element-inner vc_icon_element-color-custom vc_icon_element-size-xl vc_icon_element-style- vc_icon_element-background-color-grey\" ><span class=\"vc_icon_element-icon fa fa-globe\" style=\"color:#d6d5d5 !important\"><\/span><\/div><\/div><h5 style=\"color: #000000;text-align: center;font-family:Quicksand;font-weight:700;font-style:normal\" class=\"vc_custom_heading vc_do_custom_heading\" ><a href=\"\">MEDIOAMBIENTE Y AGRICULTURA<\/a><\/h5><\/div><\/div><\/div><div class=\"wpb_column vc_column_container vc_col-sm-3\"><div class=\"vc_column-inner\"><div class=\"wpb_wrapper\"><div class=\"vc_icon_element vc_icon_element-outer vc_do_icon vc_icon_element-align-center\"><div class=\"vc_icon_element-inner vc_icon_element-color-custom vc_icon_element-size-xl vc_icon_element-style- vc_icon_element-background-color-grey\" ><span class=\"vc_icon_element-icon fa fa-lightbulb-o\" style=\"color:#d6d5d5 !important\"><\/span><\/div><\/div><h5 style=\"color: #000000;text-align: center;font-family:Quicksand;font-weight:700;font-style:normal\" class=\"vc_custom_heading vc_do_custom_heading\" ><a href=\"\">TECNOLOG\u00cdA Y ENERG\u00cdAS RENOVABLES<\/a><\/h5><\/div><\/div><\/div><div class=\"wpb_column vc_column_container vc_col-sm-3\"><div class=\"vc_column-inner\"><div class=\"wpb_wrapper\"><div class=\"vc_icon_element vc_icon_element-outer vc_do_icon vc_icon_element-align-center\"><div class=\"vc_icon_element-inner vc_icon_element-color-custom vc_icon_element-size-xl vc_icon_element-style- vc_icon_element-background-color-grey\" ><span class=\"vc_icon_element-icon fa fa-users\" style=\"color:#d6d5d5 !important\"><\/span><\/div><\/div><h5 style=\"color: #000000;text-align: center;font-family:Quicksand;font-weight:700;font-style:normal\" class=\"vc_custom_heading vc_do_custom_heading\" ><a href=\"\">CIENCIAS SOCIALES Y HUMANIDADES<\/a><\/h5><\/div><\/div><\/div><\/div><\/div><\/div><\/div><\/div><div class=\"vc_row wpb_row vc_row-fluid\"><div class=\"wpb_column vc_column_container vc_col-sm-4\"><div class=\"vc_column-inner\"><div class=\"wpb_wrapper\"><h4 style=\"color: #ecbe49;text-align: left;font-family:Raleway;font-weight:900;font-style:normal\" class=\"vc_custom_heading vc_do_custom_heading\" ><a href=\"\">SOLICITA INFORMACI\u00d3N<\/a><\/h4><div class=\"vc_empty_space\"   style=\"height: 0px\"><span class=\"vc_empty_space_inner\"><\/span><\/div><\/div><\/div><\/div><\/div><div class=\"vc_row wpb_row vc_row-fluid\"><div class=\"wpb_column vc_column_container vc_col-sm-4\"><div class=\"vc_column-inner\"><div class=\"wpb_wrapper\"><div class=\"vc_btn3-container vc_btn3-center vc_do_btn\" ><a class=\"vc_general vc_btn3 vc_btn3-size-md vc_btn3-shape-rounded vc_btn3-style-modern vc_btn3-icon-left vc_btn3-color-grey\" href=\"https:\/\/apadrinalaciencia.org\/en\/soy-empresa\/\" title=\"Soy Empresa\"><i class=\"vc_btn3-icon fa fa-briefcase\"><\/i> SOY EMPRESA<\/a><\/div><\/div><\/div><\/div><div class=\"wpb_column vc_column_container vc_col-sm-4\"><div class=\"vc_column-inner\"><div class=\"wpb_wrapper\"><div class=\"vc_btn3-container vc_btn3-center vc_do_btn\" ><a class=\"vc_general vc_btn3 vc_btn3-size-md vc_btn3-shape-rounded vc_btn3-style-modern vc_btn3-icon-left vc_btn3-color-grey\" href=\"https:\/\/apadrinalaciencia.org\/en\/soy-particular\/\" title=\"Soy Particular\"><i class=\"vc_btn3-icon fa fa-user\"><\/i> SOY PARTICULAR<\/a><\/div><\/div><\/div><\/div><div class=\"wpb_column vc_column_container vc_col-sm-4\"><div class=\"vc_column-inner\"><div class=\"wpb_wrapper\"><div class=\"vc_btn3-container vc_btn3-center vc_do_btn\" ><a class=\"vc_general vc_btn3 vc_btn3-size-md vc_btn3-shape-rounded vc_btn3-style-modern vc_btn3-icon-left vc_btn3-color-grey\" href=\"https:\/\/apadrinalaciencia.org\/en\/soy-centro-educativo\/\" title=\"Soy Centro Educativo\"><i class=\"vc_btn3-icon fa fa-graduation-cap\"><\/i> SOY CENTRO EDUCATIVO<\/a><\/div><\/div><\/div><\/div><\/div><div class=\"vc_row wpb_row vc_row-fluid\"><div class=\"wpb_column vc_column_container vc_col-sm-4\"><div class=\"vc_column-inner\"><div class=\"wpb_wrapper\"><h4 style=\"color: #ecbe49;text-align: left;font-family:Raleway;font-weight:900;font-style:normal\" class=\"vc_custom_heading vc_do_custom_heading\" ><a href=\"\">PRODUCTOS SOLIDARIOS<\/a><\/h4><div class=\"vc_empty_space\"   style=\"height: 12px\"><span class=\"vc_empty_space_inner\"><\/span><\/div><\/div><\/div><\/div><\/div><div class=\"vc_row wpb_row vc_row-fluid\"><div class=\"wpb_column vc_column_container vc_col-sm-6\"><div class=\"vc_column-inner\"><div class=\"wpb_wrapper\"><h4 style=\"color: #ecbe49;text-align: left;font-family:Raleway;font-weight:600;font-style:normal\" class=\"vc_custom_heading vc_do_custom_heading\" ><a href=\"\">Libro \"Todos somos cient\u00edficos\"<\/a><\/h4>\n\t<div  class=\"wpb_single_image wpb_content_element vc_align_center wpb_content_element\">\n\t\t\n\t\t<figure class=\"wpb_wrapper vc_figure\">\n\t\t\t<div class=\"vc_single_image-wrapper   vc_box_border_grey\"><img loading=\"lazy\" decoding=\"async\" width=\"214\" height=\"300\" src=\"https:\/\/apadrinalaciencia.org\/wp-content\/uploads\/2024\/05\/todos-somos-cientificos-214x300.jpg\" class=\"vc_single_image-img attachment-medium\" alt=\"\" title=\"todos somos cientificos\" srcset=\"https:\/\/apadrinalaciencia.org\/wp-content\/uploads\/2024\/05\/todos-somos-cientificos-214x300.jpg 214w, https:\/\/apadrinalaciencia.org\/wp-content\/uploads\/2024\/05\/todos-somos-cientificos-9x12.jpg 9w, https:\/\/apadrinalaciencia.org\/wp-content\/uploads\/2024\/05\/todos-somos-cientificos-104x146.jpg 104w, https:\/\/apadrinalaciencia.org\/wp-content\/uploads\/2024\/05\/todos-somos-cientificos-36x50.jpg 36w, https:\/\/apadrinalaciencia.org\/wp-content\/uploads\/2024\/05\/todos-somos-cientificos-53x75.jpg 53w, https:\/\/apadrinalaciencia.org\/wp-content\/uploads\/2024\/05\/todos-somos-cientificos.jpg 637w\" sizes=\"auto, (max-width:767px) 214px, 214px\" \/><\/div>\n\t\t<\/figure>\n\t<\/div>\n\n\t<div class=\"wpb_text_column wpb_content_element\" >\n\t\t<div class=\"wpb_wrapper\">\n\t\t\t<p>El cuento con experimentos cient\u00edficos que fomenta la pasi\u00f3n por la ciencia de un modo divertido y pr\u00e1ctico.<\/p>\n<p>Un cuento para que disfruten ni\u00f1o\/as, j\u00f3venes y adultos mientras aprenden.<\/p>\n<p>\u00a1Un regalo hecho a <strong>con-Ciencia<\/strong>!<\/p>\n<p><i>La venta de estos libros se traduce en importantes apoyos a la investigaci\u00f3n cient\u00edfica y demuestra que con peque\u00f1os gestos se pueden hacer grandes cosas.<\/i><\/p>\n<p><b><i>ISBN: <\/i><\/b><i>978- 84-697-6085-7<\/i><\/p>\n<p><b><i>A\u00f1o de publicaci\u00f3n: <\/i><\/b><i>2017<\/i><\/p>\n<p><b><i>N\u00ba de p\u00e1ginas: <\/i><\/b><i>78<\/i><\/p>\n\n\t\t<\/div>\n\t<\/div>\n<div class=\"vc_btn3-container vc_btn3-left vc_do_btn\" ><a class=\"vc_general vc_btn3 vc_btn3-size-md vc_btn3-shape-rounded vc_btn3-style-modern vc_btn3-icon-left vc_btn3-color-grey\" href=\"https:\/\/www.market.correos.es\/product\/apadrina-la-ciencia-libro-todos-somos-cientificos\" title=\"\" target=\"_blank\"><i class=\"vc_btn3-icon\"><\/i> Ir a la web de compra<\/a><\/div><\/div><\/div><\/div><div class=\"wpb_column vc_column_container vc_col-sm-6\"><div class=\"vc_column-inner\"><div class=\"wpb_wrapper\"><h4 style=\"color: #ecbe49;text-align: left;font-family:Raleway;font-weight:600;font-style:normal\" class=\"vc_custom_heading vc_do_custom_heading\" ><a href=\"\">Libro \"Estrellas cient\u00edficas\"<\/a><\/h4>\n\t<div  class=\"wpb_single_image wpb_content_element vc_align_center wpb_content_element\">\n\t\t\n\t\t<figure class=\"wpb_wrapper vc_figure\">\n\t\t\t<div class=\"vc_single_image-wrapper   vc_box_border_grey\"><img loading=\"lazy\" decoding=\"async\" width=\"298\" height=\"300\" src=\"https:\/\/apadrinalaciencia.org\/wp-content\/uploads\/2023\/06\/8-Estrellas-ientficas-298x300.png\" class=\"vc_single_image-img attachment-medium\" alt=\"\" title=\"8 Estrellas ient\u201dficas\" srcset=\"https:\/\/apadrinalaciencia.org\/wp-content\/uploads\/2023\/06\/8-Estrellas-ientficas-298x300.png 298w, https:\/\/apadrinalaciencia.org\/wp-content\/uploads\/2023\/06\/8-Estrellas-ientficas-150x150.png 150w, https:\/\/apadrinalaciencia.org\/wp-content\/uploads\/2023\/06\/8-Estrellas-ientficas-12x12.png 12w, https:\/\/apadrinalaciencia.org\/wp-content\/uploads\/2023\/06\/8-Estrellas-ientficas-145x146.png 145w, https:\/\/apadrinalaciencia.org\/wp-content\/uploads\/2023\/06\/8-Estrellas-ientficas-50x50.png 50w, https:\/\/apadrinalaciencia.org\/wp-content\/uploads\/2023\/06\/8-Estrellas-ientficas-75x75.png 75w, https:\/\/apadrinalaciencia.org\/wp-content\/uploads\/2023\/06\/8-Estrellas-ientficas-85x85.png 85w, https:\/\/apadrinalaciencia.org\/wp-content\/uploads\/2023\/06\/8-Estrellas-ientficas-80x80.png 80w, https:\/\/apadrinalaciencia.org\/wp-content\/uploads\/2023\/06\/8-Estrellas-ientficas.png 589w\" sizes=\"auto, (max-width:767px) 298px, 298px\" \/><\/div>\n\t\t<\/figure>\n\t<\/div>\n\n\t<div class=\"wpb_text_column wpb_content_element\" >\n\t\t<div class=\"wpb_wrapper\">\n\t\t\t<p>Un cuento para despertar vocaciones cient\u00edficas.<\/p>\n<p>\u201cMargarita siempre afirmaba ser una personal normal, pero todas las personas normales tienen algo especial.\u201d<\/p>\n<p>\u00a1Libros que inspiran <strong>Ciencia<\/strong>!<\/p>\n<p><i>La venta de estos libros se traduce en importantes apoyos a la investigaci\u00f3n cient\u00edfica y demuestra que con peque\u00f1os gestos se pueden hacer grandes cosas.<\/i><\/p>\n<p><b><i>Autora<\/i><\/b><i>: Mar\u00eda Jos\u00e9 Rodr\u00edguez G\u00f3mez &#8211; <\/i><i>hola@mariajoserodriguezescritora.com<\/i><\/p>\n<p><b><i>Ilustradora<\/i><\/b><i>:\u00a0Mamen <\/i><i>Marc\u00e9n &#8211; <\/i><i>chicaconflequillo@gmail.com<\/i><\/p>\n<p><b><i>Editorial<\/i><\/b><i>:\u00a0Autor-Editor<\/i><\/p>\n<p><b><i>ISBN<\/i><\/b><i>:\u00a0978-84-095169-9-5<\/i><\/p>\n<p><b><i>A\u00f1o<\/i><\/b><i>:\u00a02023<\/i><\/p>\n\n\t\t<\/div>\n\t<\/div>\n<div class=\"vc_btn3-container vc_btn3-left vc_do_btn\" ><a class=\"vc_general vc_btn3 vc_btn3-size-md vc_btn3-shape-rounded vc_btn3-style-modern vc_btn3-icon-left vc_btn3-color-grey\" href=\"https:\/\/www.market.correos.es\/product\/apadrina-la-ciencia-libro-estrellas-cientificas\" title=\"\" target=\"_blank\"><i class=\"vc_btn3-icon\"><\/i> Ir a la web de compra<\/a><\/div><\/div><\/div><\/div><\/div><div class=\"vc_row wpb_row vc_row-fluid\"><div class=\"wpb_column vc_column_container vc_col-sm-6\"><div class=\"vc_column-inner\"><div class=\"wpb_wrapper\"><h4 style=\"color: #ecbe49;text-align: left;font-family:Raleway;font-weight:600;font-style:normal\" class=\"vc_custom_heading vc_do_custom_heading\" ><a href=\"\">Libro \"Elefante y Miguel\"<\/a><\/h4>\n\t<div  class=\"wpb_single_image wpb_content_element vc_align_center wpb_content_element\">\n\t\t\n\t\t<figure class=\"wpb_wrapper vc_figure\">\n\t\t\t<div class=\"vc_single_image-wrapper   vc_box_border_grey\"><img loading=\"lazy\" decoding=\"async\" width=\"300\" height=\"209\" src=\"https:\/\/apadrinalaciencia.org\/wp-content\/uploads\/2024\/05\/elefanteymiguel-300x209.jpg\" class=\"vc_single_image-img attachment-medium\" alt=\"\" title=\"elefanteymiguel\" srcset=\"https:\/\/apadrinalaciencia.org\/wp-content\/uploads\/2024\/05\/elefanteymiguel-300x209.jpg 300w, https:\/\/apadrinalaciencia.org\/wp-content\/uploads\/2024\/05\/elefanteymiguel-18x12.jpg 18w, https:\/\/apadrinalaciencia.org\/wp-content\/uploads\/2024\/05\/elefanteymiguel-210x146.jpg 210w, https:\/\/apadrinalaciencia.org\/wp-content\/uploads\/2024\/05\/elefanteymiguel-50x35.jpg 50w, https:\/\/apadrinalaciencia.org\/wp-content\/uploads\/2024\/05\/elefanteymiguel-108x75.jpg 108w, https:\/\/apadrinalaciencia.org\/wp-content\/uploads\/2024\/05\/elefanteymiguel.jpg 516w\" sizes=\"auto, (max-width:767px) 300px, 300px\" \/><\/div>\n\t\t<\/figure>\n\t<\/div>\n\n\t<div class=\"wpb_text_column wpb_content_element\" >\n\t\t<div class=\"wpb_wrapper\">\n\t\t\t<p>Un cuento para educar en valores:<\/p>\n<p>Si amas a alguien, le querr\u00e1s hacer feliz. Eso es lo que aprende Miguel con el elefante que encuentra.<\/p>\n<p>\u00a1Libros que despiertan <strong>con-Ciencia<\/strong>!<\/p>\n<p><i>La venta de estos libros se traduce en importantes apoyos a la investigaci\u00f3n cient\u00edfica y demuestra que con peque\u00f1os gestos se pueden hacer grandes cosas.<\/i><\/p>\n<p><b><i>Autora<\/i><\/b><i>: Mar\u00eda Jos\u00e9 Rodr\u00edguez G\u00f3mez &#8211; <\/i><i>hola@mariajoserodriguezescritora.com<\/i><\/p>\n<p><b><i>Ilustrador<\/i><\/b><i>:\u00a0Andr\u00e9s Arcos <\/i><i>Corretj\u00e9 &#8211; <\/i><i>http:\/\/<\/i><i>www.menguao.com<\/i><\/p>\n<p><b><i>Editorial<\/i><\/b><i>:\u00a0Autor-Editor<\/i><\/p>\n<p><b><i>ISBN<\/i><\/b><i>:\u00a0978-84-697-7340-6<\/i><\/p>\n<p><b><i>A\u00f1o<\/i><\/b><i>:\u00a02017<\/i><\/p>\n<p><b><i>N\u00ba p\u00e1ginas<\/i><\/b><i>:\u00a048<\/i><\/p>\n\n\t\t<\/div>\n\t<\/div>\n<\/div><\/div><\/div><\/div>\n<\/div>","protected":false},"excerpt":{"rendered":"Colabora Ay\u00fadanos a que la Ciencia siga adelante. El progreso y la esperanza y calidad de vida dependen en gran medida de los descubrimientos cient\u00edficos y<span class=\"excerpt-hellip\"> [\u2026]<\/span>","protected":false},"author":1,"featured_media":0,"parent":0,"menu_order":0,"comment_status":"closed","ping_status":"closed","template":"","meta":{"footnotes":""},"class_list":["post-1519","page","type-page","status-publish","hentry"],"yoast_head":"<!-- This site is optimized with the Yoast SEO plugin v24.9 - https:\/\/yoast.com\/wordpress\/plugins\/seo\/ -->\n<title>Colabora - Apadrina la Ciencia<\/title>\n<meta name=\"robots\" content=\"index, follow, max-snippet:-1, max-image-preview:large, max-video-preview:-1\" \/>\n<link rel=\"canonical\" href=\"https:\/\/apadrinalaciencia.org\/en\/colabora\/\" \/>\n<meta property=\"og:locale\" content=\"en_GB\" \/>\n<meta property=\"og:type\" content=\"article\" \/>\n<meta property=\"og:title\" content=\"Colabora - Apadrina la Ciencia\" \/>\n<meta property=\"og:url\" content=\"https:\/\/apadrinalaciencia.org\/en\/colabora\/\" \/>\n<meta property=\"og:site_name\" content=\"Apadrina la Ciencia\" \/>\n<meta property=\"article:modified_time\" content=\"2025-05-12T09:08:54+00:00\" \/>\n<meta name=\"twitter:card\" content=\"summary_large_image\" \/>\n<meta name=\"twitter:label1\" content=\"Estimated reading time\" \/>\n\t<meta name=\"twitter:data1\" content=\"2 minutes\" \/>\n<script type=\"application\/ld+json\" class=\"yoast-schema-graph\">{\"@context\":\"https:\/\/schema.org\",\"@graph\":[{\"@type\":\"WebPage\",\"@id\":\"https:\/\/apadrinalaciencia.org\/colabora\",\"url\":\"https:\/\/apadrinalaciencia.org\/colabora\",\"name\":\"Colabora - Apadrina la Ciencia\",\"isPartOf\":{\"@id\":\"https:\/\/apadrinalaciencia.org\/#website\"},\"datePublished\":\"2024-05-08T07:00:02+00:00\",\"dateModified\":\"2025-05-12T09:08:54+00:00\",\"breadcrumb\":{\"@id\":\"https:\/\/apadrinalaciencia.org\/colabora#breadcrumb\"},\"inLanguage\":\"en-GB\",\"potentialAction\":[{\"@type\":\"ReadAction\",\"target\":[\"https:\/\/apadrinalaciencia.org\/colabora\"]}]},{\"@type\":\"BreadcrumbList\",\"@id\":\"https:\/\/apadrinalaciencia.org\/colabora#breadcrumb\",\"itemListElement\":[{\"@type\":\"ListItem\",\"position\":1,\"name\":\"Home\",\"item\":\"https:\/\/apadrinalaciencia.org\/\"},{\"@type\":\"ListItem\",\"position\":2,\"name\":\"Colabora\"}]},{\"@type\":\"WebSite\",\"@id\":\"https:\/\/apadrinalaciencia.org\/#website\",\"url\":\"https:\/\/apadrinalaciencia.org\/\",\"name\":\"Apadrina la Ciencia\",\"description\":\"Ayudando a la investigaci\u00f3n construimos el futuro\",\"publisher\":{\"@id\":\"https:\/\/apadrinalaciencia.org\/#organization\"},\"potentialAction\":[{\"@type\":\"SearchAction\",\"target\":{\"@type\":\"EntryPoint\",\"urlTemplate\":\"https:\/\/apadrinalaciencia.org\/?s={search_term_string}\"},\"query-input\":{\"@type\":\"PropertyValueSpecification\",\"valueRequired\":true,\"valueName\":\"search_term_string\"}}],\"inLanguage\":\"en-GB\"},{\"@type\":\"Organization\",\"@id\":\"https:\/\/apadrinalaciencia.org\/#organization\",\"name\":\"Apadrina la Ciencia\",\"url\":\"https:\/\/apadrinalaciencia.org\/\",\"logo\":{\"@type\":\"ImageObject\",\"inLanguage\":\"en-GB\",\"@id\":\"https:\/\/apadrinalaciencia.org\/#\/schema\/logo\/image\/\",\"url\":\"https:\/\/apadrinalaciencia.org\/wp-content\/uploads\/2019\/10\/cropped-logo-apadrina-la-ciencia.png\",\"contentUrl\":\"https:\/\/apadrinalaciencia.org\/wp-content\/uploads\/2019\/10\/cropped-logo-apadrina-la-ciencia.png\",\"width\":374,\"height\":212,\"caption\":\"Apadrina la Ciencia\"},\"image\":{\"@id\":\"https:\/\/apadrinalaciencia.org\/#\/schema\/logo\/image\/\"}}]}<\/script>\n<!-- \/ Yoast SEO plugin. -->","yoast_head_json":{"title":"Colabora - Apadrina la Ciencia","robots":{"index":"index","follow":"follow","max-snippet":"max-snippet:-1","max-image-preview":"max-image-preview:large","max-video-preview":"max-video-preview:-1"},"canonical":"https:\/\/apadrinalaciencia.org\/en\/colabora\/","og_locale":"en_GB","og_type":"article","og_title":"Colabora - Apadrina la Ciencia","og_url":"https:\/\/apadrinalaciencia.org\/en\/colabora\/","og_site_name":"Apadrina la Ciencia","article_modified_time":"2025-05-12T09:08:54+00:00","twitter_card":"summary_large_image","twitter_misc":{"Estimated reading time":"2 minutes"},"schema":{"@context":"https:\/\/schema.org","@graph":[{"@type":"WebPage","@id":"https:\/\/apadrinalaciencia.org\/colabora","url":"https:\/\/apadrinalaciencia.org\/colabora","name":"Colabora - Apadrina la Ciencia","isPartOf":{"@id":"https:\/\/apadrinalaciencia.org\/#website"},"datePublished":"2024-05-08T07:00:02+00:00","dateModified":"2025-05-12T09:08:54+00:00","breadcrumb":{"@id":"https:\/\/apadrinalaciencia.org\/colabora#breadcrumb"},"inLanguage":"en-GB","potentialAction":[{"@type":"ReadAction","target":["https:\/\/apadrinalaciencia.org\/colabora"]}]},{"@type":"BreadcrumbList","@id":"https:\/\/apadrinalaciencia.org\/colabora#breadcrumb","itemListElement":[{"@type":"ListItem","position":1,"name":"Home","item":"https:\/\/apadrinalaciencia.org\/"},{"@type":"ListItem","position":2,"name":"Colabora"}]},{"@type":"WebSite","@id":"https:\/\/apadrinalaciencia.org\/#website","url":"https:\/\/apadrinalaciencia.org\/","name":"Apadrina la Ciencia","description":"Ayudando a la investigaci\u00f3n construimos el futuro","publisher":{"@id":"https:\/\/apadrinalaciencia.org\/#organization"},"potentialAction":[{"@type":"SearchAction","target":{"@type":"EntryPoint","urlTemplate":"https:\/\/apadrinalaciencia.org\/?s={search_term_string}"},"query-input":{"@type":"PropertyValueSpecification","valueRequired":true,"valueName":"search_term_string"}}],"inLanguage":"en-GB"},{"@type":"Organization","@id":"https:\/\/apadrinalaciencia.org\/#organization","name":"Apadrina la Ciencia","url":"https:\/\/apadrinalaciencia.org\/","logo":{"@type":"ImageObject","inLanguage":"en-GB","@id":"https:\/\/apadrinalaciencia.org\/#\/schema\/logo\/image\/","url":"https:\/\/apadrinalaciencia.org\/wp-content\/uploads\/2019\/10\/cropped-logo-apadrina-la-ciencia.png","contentUrl":"https:\/\/apadrinalaciencia.org\/wp-content\/uploads\/2019\/10\/cropped-logo-apadrina-la-ciencia.png","width":374,"height":212,"caption":"Apadrina la Ciencia"},"image":{"@id":"https:\/\/apadrinalaciencia.org\/#\/schema\/logo\/image\/"}}]}},"_links":{"self":[{"href":"https:\/\/apadrinalaciencia.org\/en\/wp-json\/wp\/v2\/pages\/1519","targetHints":{"allow":["GET"]}}],"collection":[{"href":"https:\/\/apadrinalaciencia.org\/en\/wp-json\/wp\/v2\/pages"}],"about":[{"href":"https:\/\/apadrinalaciencia.org\/en\/wp-json\/wp\/v2\/types\/page"}],"author":[{"embeddable":true,"href":"https:\/\/apadrinalaciencia.org\/en\/wp-json\/wp\/v2\/users\/1"}],"replies":[{"embeddable":true,"href":"https:\/\/apadrinalaciencia.org\/en\/wp-json\/wp\/v2\/comments?post=1519"}],"version-history":[{"count":9,"href":"https:\/\/apadrinalaciencia.org\/en\/wp-json\/wp\/v2\/pages\/1519\/revisions"}],"predecessor-version":[{"id":1544,"href":"https:\/\/apadrinalaciencia.org\/en\/wp-json\/wp\/v2\/pages\/1519\/revisions\/1544"}],"wp:attachment":[{"href":"https:\/\/apadrinalaciencia.org\/en\/wp-json\/wp\/v2\/media?parent=1519"}],"curies":[{"name":"wp","href":"https:\/\/api.w.org\/{rel}","templated":true}]}}